{"id":9649,"date":"2020-03-27T21:16:44","date_gmt":"2020-03-27T20:16:44","guid":{"rendered":"https:\/\/altea-energy.com\/careers\/live-jobs\/"},"modified":"2025-02-27T17:18:01","modified_gmt":"2025-02-27T16:18:01","slug":"consulter-les-jobs","status":"publish","type":"page","link":"https:\/\/altea-energy.com\/fr\/rechercher-un-job\/consulter-les-jobs\/","title":{"rendered":"Offres de mission"},"content":{"rendered":"","protected":false},"excerpt":{"rendered":"","protected":false},"author":7,"featured_media":0,"parent":9647,"menu_order":0,"comment_status":"closed","ping_status":"closed","template":"","meta":{"_acf_changed":false,"footnotes":""},"class_list":["post-9649","page","type-page","status-publish","hentry"],"acf":[],"yoast_head":"<!-- This site is optimized with the Yoast SEO plugin v27.4 - https:\/\/yoast.com\/product\/yoast-seo-wordpress\/ -->\n<title>Emplois dans le p\u00e9trole, le gaz, les \u00e9nergies renouvelables et les infrastructures<\/title>\n<meta name=\"description\" content=\"\u00c0 la recherche de nouveaux d\u00e9fis dans votre carri\u00e8re ? Postulez pour nos offres d&#039;emploi dans les secteurs du p\u00e9trole du gaz, des \u00e9nergies renouvelables et des infrastructures.\" \/>\n<meta name=\"robots\" content=\"index, follow, max-snippet:-1, max-image-preview:large, max-video-preview:-1\" \/>\n<link rel=\"canonical\" href=\"https:\/\/altea-energy.com\/fr\/rechercher-un-job\/consulter-les-jobs\/\" \/>\n<meta property=\"og:locale\" content=\"fr_FR\" \/>\n<meta property=\"og:type\" content=\"article\" \/>\n<meta property=\"og:title\" content=\"Emplois dans le p\u00e9trole, le gaz, les \u00e9nergies renouvelables et les infrastructures\" \/>\n<meta property=\"og:description\" content=\"\u00c0 la recherche de nouveaux d\u00e9fis dans votre carri\u00e8re ? Postulez pour nos offres d&#039;emploi dans les secteurs du p\u00e9trole du gaz, des \u00e9nergies renouvelables et des infrastructures.\" \/>\n<meta property=\"og:url\" content=\"https:\/\/altea-energy.com\/fr\/rechercher-un-job\/consulter-les-jobs\/\" \/>\n<meta property=\"og:site_name\" content=\"Altea Energy\" \/>\n<meta property=\"article:modified_time\" content=\"2025-02-27T16:18:01+00:00\" \/>\n<meta name=\"twitter:card\" content=\"summary_large_image\" \/>\n<script type=\"application\/ld+json\" class=\"yoast-schema-graph\">{\"@context\":\"https:\\\/\\\/schema.org\",\"@graph\":[{\"@type\":\"WebPage\",\"@id\":\"https:\\\/\\\/altea-energy.com\\\/fr\\\/rechercher-un-job\\\/consulter-les-jobs\\\/\",\"url\":\"https:\\\/\\\/altea-energy.com\\\/fr\\\/rechercher-un-job\\\/consulter-les-jobs\\\/\",\"name\":\"Emplois dans le p\u00e9trole, le gaz, les \u00e9nergies renouvelables et les infrastructures\",\"isPartOf\":{\"@id\":\"https:\\\/\\\/altea-energy.com\\\/#website\"},\"datePublished\":\"2020-03-27T20:16:44+00:00\",\"dateModified\":\"2025-02-27T16:18:01+00:00\",\"description\":\"\u00c0 la recherche de nouveaux d\u00e9fis dans votre carri\u00e8re ? Postulez pour nos offres d'emploi dans les secteurs du p\u00e9trole du gaz, des \u00e9nergies renouvelables et des infrastructures.\",\"breadcrumb\":{\"@id\":\"https:\\\/\\\/altea-energy.com\\\/fr\\\/rechercher-un-job\\\/consulter-les-jobs\\\/#breadcrumb\"},\"inLanguage\":\"fr-FR\",\"potentialAction\":[{\"@type\":\"ReadAction\",\"target\":[\"https:\\\/\\\/altea-energy.com\\\/fr\\\/rechercher-un-job\\\/consulter-les-jobs\\\/\"]}]},{\"@type\":\"BreadcrumbList\",\"@id\":\"https:\\\/\\\/altea-energy.com\\\/fr\\\/rechercher-un-job\\\/consulter-les-jobs\\\/#breadcrumb\",\"itemListElement\":[{\"@type\":\"ListItem\",\"position\":1,\"name\":\"Accueil\",\"item\":\"https:\\\/\\\/altea-energy.com\\\/fr\\\/\"},{\"@type\":\"ListItem\",\"position\":2,\"name\":\"Rechercher un job\",\"item\":\"https:\\\/\\\/altea-energy.com\\\/fr\\\/rechercher-un-job\\\/\"},{\"@type\":\"ListItem\",\"position\":3,\"name\":\"Offres de mission\"}]},{\"@type\":\"WebSite\",\"@id\":\"https:\\\/\\\/altea-energy.com\\\/#website\",\"url\":\"https:\\\/\\\/altea-energy.com\\\/\",\"name\":\"Altea Energy\",\"description\":\"\",\"publisher\":{\"@id\":\"https:\\\/\\\/altea-energy.com\\\/#organization\"},\"potentialAction\":[{\"@type\":\"SearchAction\",\"target\":{\"@type\":\"EntryPoint\",\"urlTemplate\":\"https:\\\/\\\/altea-energy.com\\\/?s={search_term_string}\"},\"query-input\":{\"@type\":\"PropertyValueSpecification\",\"valueRequired\":true,\"valueName\":\"search_term_string\"}}],\"inLanguage\":\"fr-FR\"},{\"@type\":\"Organization\",\"@id\":\"https:\\\/\\\/altea-energy.com\\\/#organization\",\"name\":\"Altea Energy\",\"url\":\"https:\\\/\\\/altea-energy.com\\\/\",\"logo\":{\"@type\":\"ImageObject\",\"inLanguage\":\"fr-FR\",\"@id\":\"https:\\\/\\\/altea-energy.com\\\/#\\\/schema\\\/logo\\\/image\\\/\",\"url\":\"https:\\\/\\\/altea-energy.com\\\/wp-content\\\/uploads\\\/logo-altea.svg\",\"contentUrl\":\"https:\\\/\\\/altea-energy.com\\\/wp-content\\\/uploads\\\/logo-altea.svg\",\"width\":1,\"height\":1,\"caption\":\"Altea Energy\"},\"image\":{\"@id\":\"https:\\\/\\\/altea-energy.com\\\/#\\\/schema\\\/logo\\\/image\\\/\"},\"sameAs\":[\"https:\\\/\\\/www.linkedin.com\\\/company\\\/altea-resources\\\/\"]}]}<\/script>\n<!-- \/ Yoast SEO plugin. -->","yoast_head_json":{"title":"Emplois dans le p\u00e9trole, le gaz, les \u00e9nergies renouvelables et les infrastructures","description":"\u00c0 la recherche de nouveaux d\u00e9fis dans votre carri\u00e8re ? Postulez pour nos offres d'emploi dans les secteurs du p\u00e9trole du gaz, des \u00e9nergies renouvelables et des infrastructures.","robots":{"index":"index","follow":"follow","max-snippet":"max-snippet:-1","max-image-preview":"max-image-preview:large","max-video-preview":"max-video-preview:-1"},"canonical":"https:\/\/altea-energy.com\/fr\/rechercher-un-job\/consulter-les-jobs\/","og_locale":"fr_FR","og_type":"article","og_title":"Emplois dans le p\u00e9trole, le gaz, les \u00e9nergies renouvelables et les infrastructures","og_description":"\u00c0 la recherche de nouveaux d\u00e9fis dans votre carri\u00e8re ? Postulez pour nos offres d'emploi dans les secteurs du p\u00e9trole du gaz, des \u00e9nergies renouvelables et des infrastructures.","og_url":"https:\/\/altea-energy.com\/fr\/rechercher-un-job\/consulter-les-jobs\/","og_site_name":"Altea Energy","article_modified_time":"2025-02-27T16:18:01+00:00","twitter_card":"summary_large_image","schema":{"@context":"https:\/\/schema.org","@graph":[{"@type":"WebPage","@id":"https:\/\/altea-energy.com\/fr\/rechercher-un-job\/consulter-les-jobs\/","url":"https:\/\/altea-energy.com\/fr\/rechercher-un-job\/consulter-les-jobs\/","name":"Emplois dans le p\u00e9trole, le gaz, les \u00e9nergies renouvelables et les infrastructures","isPartOf":{"@id":"https:\/\/altea-energy.com\/#website"},"datePublished":"2020-03-27T20:16:44+00:00","dateModified":"2025-02-27T16:18:01+00:00","description":"\u00c0 la recherche de nouveaux d\u00e9fis dans votre carri\u00e8re ? Postulez pour nos offres d'emploi dans les secteurs du p\u00e9trole du gaz, des \u00e9nergies renouvelables et des infrastructures.","breadcrumb":{"@id":"https:\/\/altea-energy.com\/fr\/rechercher-un-job\/consulter-les-jobs\/#breadcrumb"},"inLanguage":"fr-FR","potentialAction":[{"@type":"ReadAction","target":["https:\/\/altea-energy.com\/fr\/rechercher-un-job\/consulter-les-jobs\/"]}]},{"@type":"BreadcrumbList","@id":"https:\/\/altea-energy.com\/fr\/rechercher-un-job\/consulter-les-jobs\/#breadcrumb","itemListElement":[{"@type":"ListItem","position":1,"name":"Accueil","item":"https:\/\/altea-energy.com\/fr\/"},{"@type":"ListItem","position":2,"name":"Rechercher un job","item":"https:\/\/altea-energy.com\/fr\/rechercher-un-job\/"},{"@type":"ListItem","position":3,"name":"Offres de mission"}]},{"@type":"WebSite","@id":"https:\/\/altea-energy.com\/#website","url":"https:\/\/altea-energy.com\/","name":"Altea Energy","description":"","publisher":{"@id":"https:\/\/altea-energy.com\/#organization"},"potentialAction":[{"@type":"SearchAction","target":{"@type":"EntryPoint","urlTemplate":"https:\/\/altea-energy.com\/?s={search_term_string}"},"query-input":{"@type":"PropertyValueSpecification","valueRequired":true,"valueName":"search_term_string"}}],"inLanguage":"fr-FR"},{"@type":"Organization","@id":"https:\/\/altea-energy.com\/#organization","name":"Altea Energy","url":"https:\/\/altea-energy.com\/","logo":{"@type":"ImageObject","inLanguage":"fr-FR","@id":"https:\/\/altea-energy.com\/#\/schema\/logo\/image\/","url":"https:\/\/altea-energy.com\/wp-content\/uploads\/logo-altea.svg","contentUrl":"https:\/\/altea-energy.com\/wp-content\/uploads\/logo-altea.svg","width":1,"height":1,"caption":"Altea Energy"},"image":{"@id":"https:\/\/altea-energy.com\/#\/schema\/logo\/image\/"},"sameAs":["https:\/\/www.linkedin.com\/company\/altea-resources\/"]}]}},"_links":{"self":[{"href":"https:\/\/altea-energy.com\/fr\/wp-json\/wp\/v2\/pages\/9649","targetHints":{"allow":["GET"]}}],"collection":[{"href":"https:\/\/altea-energy.com\/fr\/wp-json\/wp\/v2\/pages"}],"about":[{"href":"https:\/\/altea-energy.com\/fr\/wp-json\/wp\/v2\/types\/page"}],"author":[{"embeddable":true,"href":"https:\/\/altea-energy.com\/fr\/wp-json\/wp\/v2\/users\/7"}],"replies":[{"embeddable":true,"href":"https:\/\/altea-energy.com\/fr\/wp-json\/wp\/v2\/comments?post=9649"}],"version-history":[{"count":0,"href":"https:\/\/altea-energy.com\/fr\/wp-json\/wp\/v2\/pages\/9649\/revisions"}],"up":[{"embeddable":true,"href":"https:\/\/altea-energy.com\/fr\/wp-json\/wp\/v2\/pages\/9647"}],"wp:attachment":[{"href":"https:\/\/altea-energy.com\/fr\/wp-json\/wp\/v2\/media?parent=9649"}],"curies":[{"name":"wp","href":"https:\/\/api.w.org\/{rel}","templated":true}]}}