{"id":9641,"date":"2020-03-27T20:54:53","date_gmt":"2020-03-27T19:54:53","guid":{"rendered":"https:\/\/altea-energy.com\/industries\/oil-and-gas\/"},"modified":"2023-12-25T20:48:09","modified_gmt":"2023-12-25T19:48:09","slug":"petrole-gaz","status":"publish","type":"page","link":"https:\/\/altea-energy.com\/fr\/trouver-un-expert\/petrole-gaz\/","title":{"rendered":"P\u00e9trole &#038; Gaz"},"content":{"rendered":"","protected":false},"excerpt":{"rendered":"","protected":false},"author":7,"featured_media":0,"parent":9639,"menu_order":0,"comment_status":"closed","ping_status":"closed","template":"","meta":{"_acf_changed":false,"footnotes":""},"class_list":["post-9641","page","type-page","status-publish","hentry"],"acf":[],"yoast_head":"<!-- This site is optimized with the Yoast SEO plugin v27.4 - https:\/\/yoast.com\/product\/yoast-seo-wordpress\/ -->\n<title>Agence de recrutement dans le p\u00e9trole et gaz et des services de conseil - Altea Energy<\/title>\n<meta name=\"description\" content=\"Altea Energy est sp\u00e9cialis\u00e9e dans les services de recrutement et de conseil pour les soci\u00e9t\u00e9s de l&#039;industrie du p\u00e9trole &amp; gaz. Nous s\u00e9lectionnons et mobilisons les meilleurs experts pour vos projets p\u00e9troliers et gaziers partout dans le monde.\" \/>\n<meta name=\"robots\" content=\"index, follow, max-snippet:-1, max-image-preview:large, max-video-preview:-1\" \/>\n<link rel=\"canonical\" href=\"https:\/\/altea-energy.com\/fr\/trouver-un-expert\/petrole-gaz\/\" \/>\n<meta property=\"og:locale\" content=\"fr_FR\" \/>\n<meta property=\"og:type\" content=\"article\" \/>\n<meta property=\"og:title\" content=\"Agence de recrutement dans le p\u00e9trole et gaz et des services de conseil - Altea Energy\" \/>\n<meta property=\"og:description\" content=\"Altea Energy est sp\u00e9cialis\u00e9e dans les services de recrutement et de conseil pour les soci\u00e9t\u00e9s de l&#039;industrie du p\u00e9trole &amp; gaz. Nous s\u00e9lectionnons et mobilisons les meilleurs experts pour vos projets p\u00e9troliers et gaziers partout dans le monde.\" \/>\n<meta property=\"og:url\" content=\"https:\/\/altea-energy.com\/fr\/trouver-un-expert\/petrole-gaz\/\" \/>\n<meta property=\"og:site_name\" content=\"Altea Energy\" \/>\n<meta property=\"article:modified_time\" content=\"2023-12-25T19:48:09+00:00\" \/>\n<meta name=\"twitter:card\" content=\"summary_large_image\" \/>\n<script type=\"application\/ld+json\" class=\"yoast-schema-graph\">{\"@context\":\"https:\\\/\\\/schema.org\",\"@graph\":[{\"@type\":\"WebPage\",\"@id\":\"https:\\\/\\\/altea-energy.com\\\/fr\\\/trouver-un-expert\\\/petrole-gaz\\\/\",\"url\":\"https:\\\/\\\/altea-energy.com\\\/fr\\\/trouver-un-expert\\\/petrole-gaz\\\/\",\"name\":\"Agence de recrutement dans le p\u00e9trole et gaz et des services de conseil - Altea Energy\",\"isPartOf\":{\"@id\":\"https:\\\/\\\/altea-energy.com\\\/#website\"},\"datePublished\":\"2020-03-27T19:54:53+00:00\",\"dateModified\":\"2023-12-25T19:48:09+00:00\",\"description\":\"Altea Energy est sp\u00e9cialis\u00e9e dans les services de recrutement et de conseil pour les soci\u00e9t\u00e9s de l'industrie du p\u00e9trole & gaz. Nous s\u00e9lectionnons et mobilisons les meilleurs experts pour vos projets p\u00e9troliers et gaziers partout dans le monde.\",\"breadcrumb\":{\"@id\":\"https:\\\/\\\/altea-energy.com\\\/fr\\\/trouver-un-expert\\\/petrole-gaz\\\/#breadcrumb\"},\"inLanguage\":\"fr-FR\",\"potentialAction\":[{\"@type\":\"ReadAction\",\"target\":[\"https:\\\/\\\/altea-energy.com\\\/fr\\\/trouver-un-expert\\\/petrole-gaz\\\/\"]}]},{\"@type\":\"BreadcrumbList\",\"@id\":\"https:\\\/\\\/altea-energy.com\\\/fr\\\/trouver-un-expert\\\/petrole-gaz\\\/#breadcrumb\",\"itemListElement\":[{\"@type\":\"ListItem\",\"position\":1,\"name\":\"Accueil\",\"item\":\"https:\\\/\\\/altea-energy.com\\\/fr\\\/\"},{\"@type\":\"ListItem\",\"position\":2,\"name\":\"Trouver un expert\",\"item\":\"https:\\\/\\\/altea-energy.com\\\/fr\\\/trouver-un-expert\\\/\"},{\"@type\":\"ListItem\",\"position\":3,\"name\":\"P\u00e9trole &#038; Gaz\"}]},{\"@type\":\"WebSite\",\"@id\":\"https:\\\/\\\/altea-energy.com\\\/#website\",\"url\":\"https:\\\/\\\/altea-energy.com\\\/\",\"name\":\"Altea Energy\",\"description\":\"\",\"publisher\":{\"@id\":\"https:\\\/\\\/altea-energy.com\\\/#organization\"},\"potentialAction\":[{\"@type\":\"SearchAction\",\"target\":{\"@type\":\"EntryPoint\",\"urlTemplate\":\"https:\\\/\\\/altea-energy.com\\\/?s={search_term_string}\"},\"query-input\":{\"@type\":\"PropertyValueSpecification\",\"valueRequired\":true,\"valueName\":\"search_term_string\"}}],\"inLanguage\":\"fr-FR\"},{\"@type\":\"Organization\",\"@id\":\"https:\\\/\\\/altea-energy.com\\\/#organization\",\"name\":\"Altea Energy\",\"url\":\"https:\\\/\\\/altea-energy.com\\\/\",\"logo\":{\"@type\":\"ImageObject\",\"inLanguage\":\"fr-FR\",\"@id\":\"https:\\\/\\\/altea-energy.com\\\/#\\\/schema\\\/logo\\\/image\\\/\",\"url\":\"https:\\\/\\\/altea-energy.com\\\/wp-content\\\/uploads\\\/logo-altea.svg\",\"contentUrl\":\"https:\\\/\\\/altea-energy.com\\\/wp-content\\\/uploads\\\/logo-altea.svg\",\"width\":1,\"height\":1,\"caption\":\"Altea Energy\"},\"image\":{\"@id\":\"https:\\\/\\\/altea-energy.com\\\/#\\\/schema\\\/logo\\\/image\\\/\"},\"sameAs\":[\"https:\\\/\\\/www.linkedin.com\\\/company\\\/altea-resources\\\/\"]}]}<\/script>\n<!-- \/ Yoast SEO plugin. -->","yoast_head_json":{"title":"Agence de recrutement dans le p\u00e9trole et gaz et des services de conseil - Altea Energy","description":"Altea Energy est sp\u00e9cialis\u00e9e dans les services de recrutement et de conseil pour les soci\u00e9t\u00e9s de l'industrie du p\u00e9trole & gaz. Nous s\u00e9lectionnons et mobilisons les meilleurs experts pour vos projets p\u00e9troliers et gaziers partout dans le monde.","robots":{"index":"index","follow":"follow","max-snippet":"max-snippet:-1","max-image-preview":"max-image-preview:large","max-video-preview":"max-video-preview:-1"},"canonical":"https:\/\/altea-energy.com\/fr\/trouver-un-expert\/petrole-gaz\/","og_locale":"fr_FR","og_type":"article","og_title":"Agence de recrutement dans le p\u00e9trole et gaz et des services de conseil - Altea Energy","og_description":"Altea Energy est sp\u00e9cialis\u00e9e dans les services de recrutement et de conseil pour les soci\u00e9t\u00e9s de l'industrie du p\u00e9trole & gaz. Nous s\u00e9lectionnons et mobilisons les meilleurs experts pour vos projets p\u00e9troliers et gaziers partout dans le monde.","og_url":"https:\/\/altea-energy.com\/fr\/trouver-un-expert\/petrole-gaz\/","og_site_name":"Altea Energy","article_modified_time":"2023-12-25T19:48:09+00:00","twitter_card":"summary_large_image","schema":{"@context":"https:\/\/schema.org","@graph":[{"@type":"WebPage","@id":"https:\/\/altea-energy.com\/fr\/trouver-un-expert\/petrole-gaz\/","url":"https:\/\/altea-energy.com\/fr\/trouver-un-expert\/petrole-gaz\/","name":"Agence de recrutement dans le p\u00e9trole et gaz et des services de conseil - Altea Energy","isPartOf":{"@id":"https:\/\/altea-energy.com\/#website"},"datePublished":"2020-03-27T19:54:53+00:00","dateModified":"2023-12-25T19:48:09+00:00","description":"Altea Energy est sp\u00e9cialis\u00e9e dans les services de recrutement et de conseil pour les soci\u00e9t\u00e9s de l'industrie du p\u00e9trole & gaz. Nous s\u00e9lectionnons et mobilisons les meilleurs experts pour vos projets p\u00e9troliers et gaziers partout dans le monde.","breadcrumb":{"@id":"https:\/\/altea-energy.com\/fr\/trouver-un-expert\/petrole-gaz\/#breadcrumb"},"inLanguage":"fr-FR","potentialAction":[{"@type":"ReadAction","target":["https:\/\/altea-energy.com\/fr\/trouver-un-expert\/petrole-gaz\/"]}]},{"@type":"BreadcrumbList","@id":"https:\/\/altea-energy.com\/fr\/trouver-un-expert\/petrole-gaz\/#breadcrumb","itemListElement":[{"@type":"ListItem","position":1,"name":"Accueil","item":"https:\/\/altea-energy.com\/fr\/"},{"@type":"ListItem","position":2,"name":"Trouver un expert","item":"https:\/\/altea-energy.com\/fr\/trouver-un-expert\/"},{"@type":"ListItem","position":3,"name":"P\u00e9trole &#038; Gaz"}]},{"@type":"WebSite","@id":"https:\/\/altea-energy.com\/#website","url":"https:\/\/altea-energy.com\/","name":"Altea Energy","description":"","publisher":{"@id":"https:\/\/altea-energy.com\/#organization"},"potentialAction":[{"@type":"SearchAction","target":{"@type":"EntryPoint","urlTemplate":"https:\/\/altea-energy.com\/?s={search_term_string}"},"query-input":{"@type":"PropertyValueSpecification","valueRequired":true,"valueName":"search_term_string"}}],"inLanguage":"fr-FR"},{"@type":"Organization","@id":"https:\/\/altea-energy.com\/#organization","name":"Altea Energy","url":"https:\/\/altea-energy.com\/","logo":{"@type":"ImageObject","inLanguage":"fr-FR","@id":"https:\/\/altea-energy.com\/#\/schema\/logo\/image\/","url":"https:\/\/altea-energy.com\/wp-content\/uploads\/logo-altea.svg","contentUrl":"https:\/\/altea-energy.com\/wp-content\/uploads\/logo-altea.svg","width":1,"height":1,"caption":"Altea Energy"},"image":{"@id":"https:\/\/altea-energy.com\/#\/schema\/logo\/image\/"},"sameAs":["https:\/\/www.linkedin.com\/company\/altea-resources\/"]}]}},"_links":{"self":[{"href":"https:\/\/altea-energy.com\/fr\/wp-json\/wp\/v2\/pages\/9641","targetHints":{"allow":["GET"]}}],"collection":[{"href":"https:\/\/altea-energy.com\/fr\/wp-json\/wp\/v2\/pages"}],"about":[{"href":"https:\/\/altea-energy.com\/fr\/wp-json\/wp\/v2\/types\/page"}],"author":[{"embeddable":true,"href":"https:\/\/altea-energy.com\/fr\/wp-json\/wp\/v2\/users\/7"}],"replies":[{"embeddable":true,"href":"https:\/\/altea-energy.com\/fr\/wp-json\/wp\/v2\/comments?post=9641"}],"version-history":[{"count":0,"href":"https:\/\/altea-energy.com\/fr\/wp-json\/wp\/v2\/pages\/9641\/revisions"}],"up":[{"embeddable":true,"href":"https:\/\/altea-energy.com\/fr\/wp-json\/wp\/v2\/pages\/9639"}],"wp:attachment":[{"href":"https:\/\/altea-energy.com\/fr\/wp-json\/wp\/v2\/media?parent=9641"}],"curies":[{"name":"wp","href":"https:\/\/api.w.org\/{rel}","templated":true}]}}