{"id":9639,"date":"2020-03-20T19:39:24","date_gmt":"2020-03-20T18:39:24","guid":{"rendered":"https:\/\/altea-energy.com\/industries\/"},"modified":"2026-01-28T17:06:15","modified_gmt":"2026-01-28T16:06:15","slug":"trouver-un-expert","status":"publish","type":"page","link":"https:\/\/altea-energy.com\/fr\/trouver-un-expert\/","title":{"rendered":"Trouver un expert"},"content":{"rendered":"","protected":false},"excerpt":{"rendered":"","protected":false},"author":7,"featured_media":0,"parent":0,"menu_order":3,"comment_status":"closed","ping_status":"closed","template":"","meta":{"_acf_changed":false,"footnotes":""},"class_list":["post-9639","page","type-page","status-publish","hentry"],"acf":[],"yoast_head":"<!-- This site is optimized with the Yoast SEO plugin v27.4 - https:\/\/yoast.com\/product\/yoast-seo-wordpress\/ -->\n<title>S\u00e9lection d&#039;experts, mobilit\u00e9 internationale et gestion de la paie - Altea Energy<\/title>\n<meta name=\"description\" content=\"Altea Energy g\u00e8re la selection et la mobilisation de consultants sp\u00e9cialis\u00e9s sur des projets \u00e9nerg\u00e9tiques dans le monde entier. Nous proposons nos services d&#039;assistance technique, mobilit\u00e9 internationale et chasse de t\u00eate, dans plus de 100 pays, en pleine conformit\u00e9 avec les reglementations locales.\" \/>\n<meta name=\"robots\" content=\"index, follow, max-snippet:-1, max-image-preview:large, max-video-preview:-1\" \/>\n<link rel=\"canonical\" href=\"https:\/\/altea-energy.com\/fr\/trouver-un-expert\/\" \/>\n<meta property=\"og:locale\" content=\"fr_FR\" \/>\n<meta property=\"og:type\" content=\"article\" \/>\n<meta property=\"og:title\" content=\"S\u00e9lection d&#039;experts, mobilit\u00e9 internationale et gestion de la paie - Altea Energy\" \/>\n<meta property=\"og:description\" content=\"Altea Energy g\u00e8re la selection et la mobilisation de consultants sp\u00e9cialis\u00e9s sur des projets \u00e9nerg\u00e9tiques dans le monde entier. Nous proposons nos services d&#039;assistance technique, mobilit\u00e9 internationale et chasse de t\u00eate, dans plus de 100 pays, en pleine conformit\u00e9 avec les reglementations locales.\" \/>\n<meta property=\"og:url\" content=\"https:\/\/altea-energy.com\/fr\/trouver-un-expert\/\" \/>\n<meta property=\"og:site_name\" content=\"Altea Energy\" \/>\n<meta property=\"article:modified_time\" content=\"2026-01-28T16:06:15+00:00\" \/>\n<meta name=\"twitter:card\" content=\"summary_large_image\" \/>\n<script type=\"application\/ld+json\" class=\"yoast-schema-graph\">{\"@context\":\"https:\\\/\\\/schema.org\",\"@graph\":[{\"@type\":\"WebPage\",\"@id\":\"https:\\\/\\\/altea-energy.com\\\/fr\\\/trouver-un-expert\\\/\",\"url\":\"https:\\\/\\\/altea-energy.com\\\/fr\\\/trouver-un-expert\\\/\",\"name\":\"S\u00e9lection d'experts, mobilit\u00e9 internationale et gestion de la paie - Altea Energy\",\"isPartOf\":{\"@id\":\"https:\\\/\\\/altea-energy.com\\\/#website\"},\"datePublished\":\"2020-03-20T18:39:24+00:00\",\"dateModified\":\"2026-01-28T16:06:15+00:00\",\"description\":\"Altea Energy g\u00e8re la selection et la mobilisation de consultants sp\u00e9cialis\u00e9s sur des projets \u00e9nerg\u00e9tiques dans le monde entier. Nous proposons nos services d'assistance technique, mobilit\u00e9 internationale et chasse de t\u00eate, dans plus de 100 pays, en pleine conformit\u00e9 avec les reglementations locales.\",\"breadcrumb\":{\"@id\":\"https:\\\/\\\/altea-energy.com\\\/fr\\\/trouver-un-expert\\\/#breadcrumb\"},\"inLanguage\":\"fr-FR\",\"potentialAction\":[{\"@type\":\"ReadAction\",\"target\":[\"https:\\\/\\\/altea-energy.com\\\/fr\\\/trouver-un-expert\\\/\"]}]},{\"@type\":\"BreadcrumbList\",\"@id\":\"https:\\\/\\\/altea-energy.com\\\/fr\\\/trouver-un-expert\\\/#breadcrumb\",\"itemListElement\":[{\"@type\":\"ListItem\",\"position\":1,\"name\":\"Accueil\",\"item\":\"https:\\\/\\\/altea-energy.com\\\/fr\\\/\"},{\"@type\":\"ListItem\",\"position\":2,\"name\":\"Trouver un expert\"}]},{\"@type\":\"WebSite\",\"@id\":\"https:\\\/\\\/altea-energy.com\\\/#website\",\"url\":\"https:\\\/\\\/altea-energy.com\\\/\",\"name\":\"Altea Energy\",\"description\":\"\",\"publisher\":{\"@id\":\"https:\\\/\\\/altea-energy.com\\\/#organization\"},\"potentialAction\":[{\"@type\":\"SearchAction\",\"target\":{\"@type\":\"EntryPoint\",\"urlTemplate\":\"https:\\\/\\\/altea-energy.com\\\/?s={search_term_string}\"},\"query-input\":{\"@type\":\"PropertyValueSpecification\",\"valueRequired\":true,\"valueName\":\"search_term_string\"}}],\"inLanguage\":\"fr-FR\"},{\"@type\":\"Organization\",\"@id\":\"https:\\\/\\\/altea-energy.com\\\/#organization\",\"name\":\"Altea Energy\",\"url\":\"https:\\\/\\\/altea-energy.com\\\/\",\"logo\":{\"@type\":\"ImageObject\",\"inLanguage\":\"fr-FR\",\"@id\":\"https:\\\/\\\/altea-energy.com\\\/#\\\/schema\\\/logo\\\/image\\\/\",\"url\":\"https:\\\/\\\/altea-energy.com\\\/wp-content\\\/uploads\\\/logo-altea.svg\",\"contentUrl\":\"https:\\\/\\\/altea-energy.com\\\/wp-content\\\/uploads\\\/logo-altea.svg\",\"width\":1,\"height\":1,\"caption\":\"Altea Energy\"},\"image\":{\"@id\":\"https:\\\/\\\/altea-energy.com\\\/#\\\/schema\\\/logo\\\/image\\\/\"},\"sameAs\":[\"https:\\\/\\\/www.linkedin.com\\\/company\\\/altea-resources\\\/\"]}]}<\/script>\n<!-- \/ Yoast SEO plugin. -->","yoast_head_json":{"title":"S\u00e9lection d'experts, mobilit\u00e9 internationale et gestion de la paie - Altea Energy","description":"Altea Energy g\u00e8re la selection et la mobilisation de consultants sp\u00e9cialis\u00e9s sur des projets \u00e9nerg\u00e9tiques dans le monde entier. Nous proposons nos services d'assistance technique, mobilit\u00e9 internationale et chasse de t\u00eate, dans plus de 100 pays, en pleine conformit\u00e9 avec les reglementations locales.","robots":{"index":"index","follow":"follow","max-snippet":"max-snippet:-1","max-image-preview":"max-image-preview:large","max-video-preview":"max-video-preview:-1"},"canonical":"https:\/\/altea-energy.com\/fr\/trouver-un-expert\/","og_locale":"fr_FR","og_type":"article","og_title":"S\u00e9lection d'experts, mobilit\u00e9 internationale et gestion de la paie - Altea Energy","og_description":"Altea Energy g\u00e8re la selection et la mobilisation de consultants sp\u00e9cialis\u00e9s sur des projets \u00e9nerg\u00e9tiques dans le monde entier. Nous proposons nos services d'assistance technique, mobilit\u00e9 internationale et chasse de t\u00eate, dans plus de 100 pays, en pleine conformit\u00e9 avec les reglementations locales.","og_url":"https:\/\/altea-energy.com\/fr\/trouver-un-expert\/","og_site_name":"Altea Energy","article_modified_time":"2026-01-28T16:06:15+00:00","twitter_card":"summary_large_image","schema":{"@context":"https:\/\/schema.org","@graph":[{"@type":"WebPage","@id":"https:\/\/altea-energy.com\/fr\/trouver-un-expert\/","url":"https:\/\/altea-energy.com\/fr\/trouver-un-expert\/","name":"S\u00e9lection d'experts, mobilit\u00e9 internationale et gestion de la paie - Altea Energy","isPartOf":{"@id":"https:\/\/altea-energy.com\/#website"},"datePublished":"2020-03-20T18:39:24+00:00","dateModified":"2026-01-28T16:06:15+00:00","description":"Altea Energy g\u00e8re la selection et la mobilisation de consultants sp\u00e9cialis\u00e9s sur des projets \u00e9nerg\u00e9tiques dans le monde entier. Nous proposons nos services d'assistance technique, mobilit\u00e9 internationale et chasse de t\u00eate, dans plus de 100 pays, en pleine conformit\u00e9 avec les reglementations locales.","breadcrumb":{"@id":"https:\/\/altea-energy.com\/fr\/trouver-un-expert\/#breadcrumb"},"inLanguage":"fr-FR","potentialAction":[{"@type":"ReadAction","target":["https:\/\/altea-energy.com\/fr\/trouver-un-expert\/"]}]},{"@type":"BreadcrumbList","@id":"https:\/\/altea-energy.com\/fr\/trouver-un-expert\/#breadcrumb","itemListElement":[{"@type":"ListItem","position":1,"name":"Accueil","item":"https:\/\/altea-energy.com\/fr\/"},{"@type":"ListItem","position":2,"name":"Trouver un expert"}]},{"@type":"WebSite","@id":"https:\/\/altea-energy.com\/#website","url":"https:\/\/altea-energy.com\/","name":"Altea Energy","description":"","publisher":{"@id":"https:\/\/altea-energy.com\/#organization"},"potentialAction":[{"@type":"SearchAction","target":{"@type":"EntryPoint","urlTemplate":"https:\/\/altea-energy.com\/?s={search_term_string}"},"query-input":{"@type":"PropertyValueSpecification","valueRequired":true,"valueName":"search_term_string"}}],"inLanguage":"fr-FR"},{"@type":"Organization","@id":"https:\/\/altea-energy.com\/#organization","name":"Altea Energy","url":"https:\/\/altea-energy.com\/","logo":{"@type":"ImageObject","inLanguage":"fr-FR","@id":"https:\/\/altea-energy.com\/#\/schema\/logo\/image\/","url":"https:\/\/altea-energy.com\/wp-content\/uploads\/logo-altea.svg","contentUrl":"https:\/\/altea-energy.com\/wp-content\/uploads\/logo-altea.svg","width":1,"height":1,"caption":"Altea Energy"},"image":{"@id":"https:\/\/altea-energy.com\/#\/schema\/logo\/image\/"},"sameAs":["https:\/\/www.linkedin.com\/company\/altea-resources\/"]}]}},"_links":{"self":[{"href":"https:\/\/altea-energy.com\/fr\/wp-json\/wp\/v2\/pages\/9639","targetHints":{"allow":["GET"]}}],"collection":[{"href":"https:\/\/altea-energy.com\/fr\/wp-json\/wp\/v2\/pages"}],"about":[{"href":"https:\/\/altea-energy.com\/fr\/wp-json\/wp\/v2\/types\/page"}],"author":[{"embeddable":true,"href":"https:\/\/altea-energy.com\/fr\/wp-json\/wp\/v2\/users\/7"}],"replies":[{"embeddable":true,"href":"https:\/\/altea-energy.com\/fr\/wp-json\/wp\/v2\/comments?post=9639"}],"version-history":[{"count":1,"href":"https:\/\/altea-energy.com\/fr\/wp-json\/wp\/v2\/pages\/9639\/revisions"}],"predecessor-version":[{"id":22395,"href":"https:\/\/altea-energy.com\/fr\/wp-json\/wp\/v2\/pages\/9639\/revisions\/22395"}],"wp:attachment":[{"href":"https:\/\/altea-energy.com\/fr\/wp-json\/wp\/v2\/media?parent=9639"}],"curies":[{"name":"wp","href":"https:\/\/api.w.org\/{rel}","templated":true}]}}