{"id":22695,"date":"2026-02-17T12:14:45","date_gmt":"2026-02-17T11:14:45","guid":{"rendered":"https:\/\/altea-energy.com\/?page_id=22695"},"modified":"2026-03-16T17:40:40","modified_gmt":"2026-03-16T16:40:40","slug":"filiale-royaume-uni","status":"publish","type":"page","link":"https:\/\/altea-energy.com\/fr\/filiale-royaume-uni\/","title":{"rendered":"Notre filiale au Royaume-Uni"},"content":{"rendered":"","protected":false},"excerpt":{"rendered":"","protected":false},"author":7,"featured_media":0,"parent":0,"menu_order":5,"comment_status":"closed","ping_status":"closed","template":"","meta":{"_acf_changed":false,"footnotes":""},"class_list":["post-22695","page","type-page","status-publish","hentry"],"acf":[],"yoast_head":"<!-- This site is optimized with the Yoast SEO plugin v27.3 - https:\/\/yoast.com\/product\/yoast-seo-wordpress\/ -->\n<title>TEAM Energy : la filiale d\u2019assistance technique d\u2019Altea Energy au Royaume-Uni - Altea Energy<\/title>\n<meta name=\"description\" content=\"Nous mettons en relation les entreprises du secteur de l\u2019\u00e9nergie avec des professionnels techniques sp\u00e9cialis\u00e9s, en proposant des solutions de mobilisation de comp\u00e9tences sur mesure afin d\u2019assurer la r\u00e9ussite de projets \u00e9nerg\u00e9tiques complexes au Royaume-Uni et \u00e0 l\u2019international.\" \/>\n<meta name=\"robots\" content=\"index, follow, max-snippet:-1, max-image-preview:large, max-video-preview:-1\" \/>\n<link rel=\"canonical\" href=\"https:\/\/altea-energy.com\/fr\/filiale-royaume-uni\/\" \/>\n<meta property=\"og:locale\" content=\"fr_FR\" \/>\n<meta property=\"og:type\" content=\"article\" \/>\n<meta property=\"og:title\" content=\"TEAM Energy : la filiale d\u2019assistance technique d\u2019Altea Energy au Royaume-Uni - Altea Energy\" \/>\n<meta property=\"og:description\" content=\"Nous mettons en relation les entreprises du secteur de l\u2019\u00e9nergie avec des professionnels techniques sp\u00e9cialis\u00e9s, en proposant des solutions de mobilisation de comp\u00e9tences sur mesure afin d\u2019assurer la r\u00e9ussite de projets \u00e9nerg\u00e9tiques complexes au Royaume-Uni et \u00e0 l\u2019international.\" \/>\n<meta property=\"og:url\" content=\"https:\/\/altea-energy.com\/fr\/filiale-royaume-uni\/\" \/>\n<meta property=\"og:site_name\" content=\"Altea Energy\" \/>\n<meta property=\"article:modified_time\" content=\"2026-03-16T16:40:40+00:00\" \/>\n<meta name=\"twitter:card\" content=\"summary_large_image\" \/>\n<script type=\"application\/ld+json\" class=\"yoast-schema-graph\">{\"@context\":\"https:\\\/\\\/schema.org\",\"@graph\":[{\"@type\":\"WebPage\",\"@id\":\"https:\\\/\\\/altea-energy.com\\\/fr\\\/filiale-royaume-uni\\\/\",\"url\":\"https:\\\/\\\/altea-energy.com\\\/fr\\\/filiale-royaume-uni\\\/\",\"name\":\"TEAM Energy : la filiale d\u2019assistance technique d\u2019Altea Energy au Royaume-Uni - Altea Energy\",\"isPartOf\":{\"@id\":\"https:\\\/\\\/altea-energy.com\\\/#website\"},\"datePublished\":\"2026-02-17T11:14:45+00:00\",\"dateModified\":\"2026-03-16T16:40:40+00:00\",\"description\":\"Nous mettons en relation les entreprises du secteur de l\u2019\u00e9nergie avec des professionnels techniques sp\u00e9cialis\u00e9s, en proposant des solutions de mobilisation de comp\u00e9tences sur mesure afin d\u2019assurer la r\u00e9ussite de projets \u00e9nerg\u00e9tiques complexes au Royaume-Uni et \u00e0 l\u2019international.\",\"breadcrumb\":{\"@id\":\"https:\\\/\\\/altea-energy.com\\\/fr\\\/filiale-royaume-uni\\\/#breadcrumb\"},\"inLanguage\":\"fr-FR\",\"potentialAction\":[{\"@type\":\"ReadAction\",\"target\":[\"https:\\\/\\\/altea-energy.com\\\/fr\\\/filiale-royaume-uni\\\/\"]}]},{\"@type\":\"BreadcrumbList\",\"@id\":\"https:\\\/\\\/altea-energy.com\\\/fr\\\/filiale-royaume-uni\\\/#breadcrumb\",\"itemListElement\":[{\"@type\":\"ListItem\",\"position\":1,\"name\":\"Accueil\",\"item\":\"https:\\\/\\\/altea-energy.com\\\/fr\\\/\"},{\"@type\":\"ListItem\",\"position\":2,\"name\":\"Notre filiale au Royaume-Uni\"}]},{\"@type\":\"WebSite\",\"@id\":\"https:\\\/\\\/altea-energy.com\\\/#website\",\"url\":\"https:\\\/\\\/altea-energy.com\\\/\",\"name\":\"Altea Energy\",\"description\":\"\",\"publisher\":{\"@id\":\"https:\\\/\\\/altea-energy.com\\\/#organization\"},\"potentialAction\":[{\"@type\":\"SearchAction\",\"target\":{\"@type\":\"EntryPoint\",\"urlTemplate\":\"https:\\\/\\\/altea-energy.com\\\/?s={search_term_string}\"},\"query-input\":{\"@type\":\"PropertyValueSpecification\",\"valueRequired\":true,\"valueName\":\"search_term_string\"}}],\"inLanguage\":\"fr-FR\"},{\"@type\":\"Organization\",\"@id\":\"https:\\\/\\\/altea-energy.com\\\/#organization\",\"name\":\"Altea Energy\",\"url\":\"https:\\\/\\\/altea-energy.com\\\/\",\"logo\":{\"@type\":\"ImageObject\",\"inLanguage\":\"fr-FR\",\"@id\":\"https:\\\/\\\/altea-energy.com\\\/#\\\/schema\\\/logo\\\/image\\\/\",\"url\":\"https:\\\/\\\/altea-energy.com\\\/wp-content\\\/uploads\\\/logo-altea.svg\",\"contentUrl\":\"https:\\\/\\\/altea-energy.com\\\/wp-content\\\/uploads\\\/logo-altea.svg\",\"width\":1,\"height\":1,\"caption\":\"Altea Energy\"},\"image\":{\"@id\":\"https:\\\/\\\/altea-energy.com\\\/#\\\/schema\\\/logo\\\/image\\\/\"},\"sameAs\":[\"https:\\\/\\\/www.linkedin.com\\\/company\\\/altea-resources\\\/\"]}]}<\/script>\n<!-- \/ Yoast SEO plugin. -->","yoast_head_json":{"title":"TEAM Energy : la filiale d\u2019assistance technique d\u2019Altea Energy au Royaume-Uni - Altea Energy","description":"Nous mettons en relation les entreprises du secteur de l\u2019\u00e9nergie avec des professionnels techniques sp\u00e9cialis\u00e9s, en proposant des solutions de mobilisation de comp\u00e9tences sur mesure afin d\u2019assurer la r\u00e9ussite de projets \u00e9nerg\u00e9tiques complexes au Royaume-Uni et \u00e0 l\u2019international.","robots":{"index":"index","follow":"follow","max-snippet":"max-snippet:-1","max-image-preview":"max-image-preview:large","max-video-preview":"max-video-preview:-1"},"canonical":"https:\/\/altea-energy.com\/fr\/filiale-royaume-uni\/","og_locale":"fr_FR","og_type":"article","og_title":"TEAM Energy : la filiale d\u2019assistance technique d\u2019Altea Energy au Royaume-Uni - Altea Energy","og_description":"Nous mettons en relation les entreprises du secteur de l\u2019\u00e9nergie avec des professionnels techniques sp\u00e9cialis\u00e9s, en proposant des solutions de mobilisation de comp\u00e9tences sur mesure afin d\u2019assurer la r\u00e9ussite de projets \u00e9nerg\u00e9tiques complexes au Royaume-Uni et \u00e0 l\u2019international.","og_url":"https:\/\/altea-energy.com\/fr\/filiale-royaume-uni\/","og_site_name":"Altea Energy","article_modified_time":"2026-03-16T16:40:40+00:00","twitter_card":"summary_large_image","schema":{"@context":"https:\/\/schema.org","@graph":[{"@type":"WebPage","@id":"https:\/\/altea-energy.com\/fr\/filiale-royaume-uni\/","url":"https:\/\/altea-energy.com\/fr\/filiale-royaume-uni\/","name":"TEAM Energy : la filiale d\u2019assistance technique d\u2019Altea Energy au Royaume-Uni - Altea Energy","isPartOf":{"@id":"https:\/\/altea-energy.com\/#website"},"datePublished":"2026-02-17T11:14:45+00:00","dateModified":"2026-03-16T16:40:40+00:00","description":"Nous mettons en relation les entreprises du secteur de l\u2019\u00e9nergie avec des professionnels techniques sp\u00e9cialis\u00e9s, en proposant des solutions de mobilisation de comp\u00e9tences sur mesure afin d\u2019assurer la r\u00e9ussite de projets \u00e9nerg\u00e9tiques complexes au Royaume-Uni et \u00e0 l\u2019international.","breadcrumb":{"@id":"https:\/\/altea-energy.com\/fr\/filiale-royaume-uni\/#breadcrumb"},"inLanguage":"fr-FR","potentialAction":[{"@type":"ReadAction","target":["https:\/\/altea-energy.com\/fr\/filiale-royaume-uni\/"]}]},{"@type":"BreadcrumbList","@id":"https:\/\/altea-energy.com\/fr\/filiale-royaume-uni\/#breadcrumb","itemListElement":[{"@type":"ListItem","position":1,"name":"Accueil","item":"https:\/\/altea-energy.com\/fr\/"},{"@type":"ListItem","position":2,"name":"Notre filiale au Royaume-Uni"}]},{"@type":"WebSite","@id":"https:\/\/altea-energy.com\/#website","url":"https:\/\/altea-energy.com\/","name":"Altea Energy","description":"","publisher":{"@id":"https:\/\/altea-energy.com\/#organization"},"potentialAction":[{"@type":"SearchAction","target":{"@type":"EntryPoint","urlTemplate":"https:\/\/altea-energy.com\/?s={search_term_string}"},"query-input":{"@type":"PropertyValueSpecification","valueRequired":true,"valueName":"search_term_string"}}],"inLanguage":"fr-FR"},{"@type":"Organization","@id":"https:\/\/altea-energy.com\/#organization","name":"Altea Energy","url":"https:\/\/altea-energy.com\/","logo":{"@type":"ImageObject","inLanguage":"fr-FR","@id":"https:\/\/altea-energy.com\/#\/schema\/logo\/image\/","url":"https:\/\/altea-energy.com\/wp-content\/uploads\/logo-altea.svg","contentUrl":"https:\/\/altea-energy.com\/wp-content\/uploads\/logo-altea.svg","width":1,"height":1,"caption":"Altea Energy"},"image":{"@id":"https:\/\/altea-energy.com\/#\/schema\/logo\/image\/"},"sameAs":["https:\/\/www.linkedin.com\/company\/altea-resources\/"]}]}},"_links":{"self":[{"href":"https:\/\/altea-energy.com\/fr\/wp-json\/wp\/v2\/pages\/22695","targetHints":{"allow":["GET"]}}],"collection":[{"href":"https:\/\/altea-energy.com\/fr\/wp-json\/wp\/v2\/pages"}],"about":[{"href":"https:\/\/altea-energy.com\/fr\/wp-json\/wp\/v2\/types\/page"}],"author":[{"embeddable":true,"href":"https:\/\/altea-energy.com\/fr\/wp-json\/wp\/v2\/users\/7"}],"replies":[{"embeddable":true,"href":"https:\/\/altea-energy.com\/fr\/wp-json\/wp\/v2\/comments?post=22695"}],"version-history":[{"count":11,"href":"https:\/\/altea-energy.com\/fr\/wp-json\/wp\/v2\/pages\/22695\/revisions"}],"predecessor-version":[{"id":22757,"href":"https:\/\/altea-energy.com\/fr\/wp-json\/wp\/v2\/pages\/22695\/revisions\/22757"}],"wp:attachment":[{"href":"https:\/\/altea-energy.com\/fr\/wp-json\/wp\/v2\/media?parent=22695"}],"curies":[{"name":"wp","href":"https:\/\/api.w.org\/{rel}","templated":true}]}}