{"id":20117,"date":"2025-03-04T10:17:00","date_gmt":"2025-03-04T09:17:00","guid":{"rendered":"https:\/\/altea-energy.com\/?page_id=20117"},"modified":"2025-04-07T10:18:31","modified_gmt":"2025-04-07T08:18:31","slug":"a-la-recherche-de-nouveaux-defis-dans-les-projets-nucleaires","status":"publish","type":"page","link":"https:\/\/altea-energy.com\/fr\/a-la-recherche-de-nouveaux-defis-dans-les-projets-nucleaires\/","title":{"rendered":"\u00c0 la recherche de nouveaux d\u00e9fis dans les projets nucl\u00e9aires ?"},"content":{"rendered":"","protected":false},"excerpt":{"rendered":"","protected":false},"author":8,"featured_media":0,"parent":0,"menu_order":0,"comment_status":"closed","ping_status":"closed","template":"","meta":{"_acf_changed":false,"footnotes":""},"class_list":["post-20117","page","type-page","status-publish","hentry"],"acf":[],"yoast_head":"<!-- This site is optimized with the Yoast SEO plugin v27.3 - https:\/\/yoast.com\/product\/yoast-seo-wordpress\/ -->\n<title>\u00c0 la recherche de nouveaux d\u00e9fis dans les projets nucl\u00e9aires ? - Altea Energy<\/title>\n<meta name=\"description\" content=\"Depuis plus de 15 ans, Altea Energy s&#039;engage \u00e0 offrir \u00e0 ses consultants la meilleure exp\u00e9rience possible. Rejoignez notre communaut\u00e9 de consultants nucl\u00e9aire et, ensemble, transformons les \u00e9nergies de demain !\" \/>\n<meta name=\"robots\" content=\"noindex, nofollow\" \/>\n<meta property=\"og:locale\" content=\"fr_FR\" \/>\n<meta property=\"og:type\" content=\"article\" \/>\n<meta property=\"og:title\" content=\"\u00c0 la recherche de nouveaux d\u00e9fis dans les projets nucl\u00e9aires ? - Altea Energy\" \/>\n<meta property=\"og:description\" content=\"Depuis plus de 15 ans, Altea Energy s&#039;engage \u00e0 offrir \u00e0 ses consultants la meilleure exp\u00e9rience possible. Rejoignez notre communaut\u00e9 de consultants nucl\u00e9aire et, ensemble, transformons les \u00e9nergies de demain !\" \/>\n<meta property=\"og:url\" content=\"https:\/\/altea-energy.com\/fr\/a-la-recherche-de-nouveaux-defis-dans-les-projets-nucleaires\/\" \/>\n<meta property=\"og:site_name\" content=\"Altea Energy\" \/>\n<meta property=\"article:modified_time\" content=\"2025-04-07T08:18:31+00:00\" \/>\n<meta name=\"twitter:card\" content=\"summary_large_image\" \/>\n<script type=\"application\/ld+json\" class=\"yoast-schema-graph\">{\"@context\":\"https:\\\/\\\/schema.org\",\"@graph\":[{\"@type\":\"WebPage\",\"@id\":\"https:\\\/\\\/altea-energy.com\\\/fr\\\/a-la-recherche-de-nouveaux-defis-dans-les-projets-nucleaires\\\/\",\"url\":\"https:\\\/\\\/altea-energy.com\\\/fr\\\/a-la-recherche-de-nouveaux-defis-dans-les-projets-nucleaires\\\/\",\"name\":\"\u00c0 la recherche de nouveaux d\u00e9fis dans les projets nucl\u00e9aires ? - Altea Energy\",\"isPartOf\":{\"@id\":\"https:\\\/\\\/altea-energy.com\\\/#website\"},\"datePublished\":\"2025-03-04T09:17:00+00:00\",\"dateModified\":\"2025-04-07T08:18:31+00:00\",\"description\":\"Depuis plus de 15 ans, Altea Energy s'engage \u00e0 offrir \u00e0 ses consultants la meilleure exp\u00e9rience possible. Rejoignez notre communaut\u00e9 de consultants nucl\u00e9aire et, ensemble, transformons les \u00e9nergies de demain !\",\"breadcrumb\":{\"@id\":\"https:\\\/\\\/altea-energy.com\\\/fr\\\/a-la-recherche-de-nouveaux-defis-dans-les-projets-nucleaires\\\/#breadcrumb\"},\"inLanguage\":\"fr-FR\",\"potentialAction\":[{\"@type\":\"ReadAction\",\"target\":[\"https:\\\/\\\/altea-energy.com\\\/fr\\\/a-la-recherche-de-nouveaux-defis-dans-les-projets-nucleaires\\\/\"]}]},{\"@type\":\"BreadcrumbList\",\"@id\":\"https:\\\/\\\/altea-energy.com\\\/fr\\\/a-la-recherche-de-nouveaux-defis-dans-les-projets-nucleaires\\\/#breadcrumb\",\"itemListElement\":[{\"@type\":\"ListItem\",\"position\":1,\"name\":\"Accueil\",\"item\":\"https:\\\/\\\/altea-energy.com\\\/fr\\\/\"},{\"@type\":\"ListItem\",\"position\":2,\"name\":\"\u00c0 la recherche de nouveaux d\u00e9fis dans les projets nucl\u00e9aires ?\"}]},{\"@type\":\"WebSite\",\"@id\":\"https:\\\/\\\/altea-energy.com\\\/#website\",\"url\":\"https:\\\/\\\/altea-energy.com\\\/\",\"name\":\"Altea Energy\",\"description\":\"\",\"publisher\":{\"@id\":\"https:\\\/\\\/altea-energy.com\\\/#organization\"},\"potentialAction\":[{\"@type\":\"SearchAction\",\"target\":{\"@type\":\"EntryPoint\",\"urlTemplate\":\"https:\\\/\\\/altea-energy.com\\\/?s={search_term_string}\"},\"query-input\":{\"@type\":\"PropertyValueSpecification\",\"valueRequired\":true,\"valueName\":\"search_term_string\"}}],\"inLanguage\":\"fr-FR\"},{\"@type\":\"Organization\",\"@id\":\"https:\\\/\\\/altea-energy.com\\\/#organization\",\"name\":\"Altea Energy\",\"url\":\"https:\\\/\\\/altea-energy.com\\\/\",\"logo\":{\"@type\":\"ImageObject\",\"inLanguage\":\"fr-FR\",\"@id\":\"https:\\\/\\\/altea-energy.com\\\/#\\\/schema\\\/logo\\\/image\\\/\",\"url\":\"https:\\\/\\\/altea-energy.com\\\/wp-content\\\/uploads\\\/logo-altea.svg\",\"contentUrl\":\"https:\\\/\\\/altea-energy.com\\\/wp-content\\\/uploads\\\/logo-altea.svg\",\"width\":1,\"height\":1,\"caption\":\"Altea Energy\"},\"image\":{\"@id\":\"https:\\\/\\\/altea-energy.com\\\/#\\\/schema\\\/logo\\\/image\\\/\"},\"sameAs\":[\"https:\\\/\\\/www.linkedin.com\\\/company\\\/altea-resources\\\/\"]}]}<\/script>\n<!-- \/ Yoast SEO plugin. -->","yoast_head_json":{"title":"\u00c0 la recherche de nouveaux d\u00e9fis dans les projets nucl\u00e9aires ? - Altea Energy","description":"Depuis plus de 15 ans, Altea Energy s'engage \u00e0 offrir \u00e0 ses consultants la meilleure exp\u00e9rience possible. Rejoignez notre communaut\u00e9 de consultants nucl\u00e9aire et, ensemble, transformons les \u00e9nergies de demain !","robots":{"index":"noindex","follow":"nofollow"},"og_locale":"fr_FR","og_type":"article","og_title":"\u00c0 la recherche de nouveaux d\u00e9fis dans les projets nucl\u00e9aires ? - Altea Energy","og_description":"Depuis plus de 15 ans, Altea Energy s'engage \u00e0 offrir \u00e0 ses consultants la meilleure exp\u00e9rience possible. Rejoignez notre communaut\u00e9 de consultants nucl\u00e9aire et, ensemble, transformons les \u00e9nergies de demain !","og_url":"https:\/\/altea-energy.com\/fr\/a-la-recherche-de-nouveaux-defis-dans-les-projets-nucleaires\/","og_site_name":"Altea Energy","article_modified_time":"2025-04-07T08:18:31+00:00","twitter_card":"summary_large_image","schema":{"@context":"https:\/\/schema.org","@graph":[{"@type":"WebPage","@id":"https:\/\/altea-energy.com\/fr\/a-la-recherche-de-nouveaux-defis-dans-les-projets-nucleaires\/","url":"https:\/\/altea-energy.com\/fr\/a-la-recherche-de-nouveaux-defis-dans-les-projets-nucleaires\/","name":"\u00c0 la recherche de nouveaux d\u00e9fis dans les projets nucl\u00e9aires ? - Altea Energy","isPartOf":{"@id":"https:\/\/altea-energy.com\/#website"},"datePublished":"2025-03-04T09:17:00+00:00","dateModified":"2025-04-07T08:18:31+00:00","description":"Depuis plus de 15 ans, Altea Energy s'engage \u00e0 offrir \u00e0 ses consultants la meilleure exp\u00e9rience possible. Rejoignez notre communaut\u00e9 de consultants nucl\u00e9aire et, ensemble, transformons les \u00e9nergies de demain !","breadcrumb":{"@id":"https:\/\/altea-energy.com\/fr\/a-la-recherche-de-nouveaux-defis-dans-les-projets-nucleaires\/#breadcrumb"},"inLanguage":"fr-FR","potentialAction":[{"@type":"ReadAction","target":["https:\/\/altea-energy.com\/fr\/a-la-recherche-de-nouveaux-defis-dans-les-projets-nucleaires\/"]}]},{"@type":"BreadcrumbList","@id":"https:\/\/altea-energy.com\/fr\/a-la-recherche-de-nouveaux-defis-dans-les-projets-nucleaires\/#breadcrumb","itemListElement":[{"@type":"ListItem","position":1,"name":"Accueil","item":"https:\/\/altea-energy.com\/fr\/"},{"@type":"ListItem","position":2,"name":"\u00c0 la recherche de nouveaux d\u00e9fis dans les projets nucl\u00e9aires ?"}]},{"@type":"WebSite","@id":"https:\/\/altea-energy.com\/#website","url":"https:\/\/altea-energy.com\/","name":"Altea Energy","description":"","publisher":{"@id":"https:\/\/altea-energy.com\/#organization"},"potentialAction":[{"@type":"SearchAction","target":{"@type":"EntryPoint","urlTemplate":"https:\/\/altea-energy.com\/?s={search_term_string}"},"query-input":{"@type":"PropertyValueSpecification","valueRequired":true,"valueName":"search_term_string"}}],"inLanguage":"fr-FR"},{"@type":"Organization","@id":"https:\/\/altea-energy.com\/#organization","name":"Altea Energy","url":"https:\/\/altea-energy.com\/","logo":{"@type":"ImageObject","inLanguage":"fr-FR","@id":"https:\/\/altea-energy.com\/#\/schema\/logo\/image\/","url":"https:\/\/altea-energy.com\/wp-content\/uploads\/logo-altea.svg","contentUrl":"https:\/\/altea-energy.com\/wp-content\/uploads\/logo-altea.svg","width":1,"height":1,"caption":"Altea Energy"},"image":{"@id":"https:\/\/altea-energy.com\/#\/schema\/logo\/image\/"},"sameAs":["https:\/\/www.linkedin.com\/company\/altea-resources\/"]}]}},"_links":{"self":[{"href":"https:\/\/altea-energy.com\/fr\/wp-json\/wp\/v2\/pages\/20117","targetHints":{"allow":["GET"]}}],"collection":[{"href":"https:\/\/altea-energy.com\/fr\/wp-json\/wp\/v2\/pages"}],"about":[{"href":"https:\/\/altea-energy.com\/fr\/wp-json\/wp\/v2\/types\/page"}],"author":[{"embeddable":true,"href":"https:\/\/altea-energy.com\/fr\/wp-json\/wp\/v2\/users\/8"}],"replies":[{"embeddable":true,"href":"https:\/\/altea-energy.com\/fr\/wp-json\/wp\/v2\/comments?post=20117"}],"version-history":[{"count":2,"href":"https:\/\/altea-energy.com\/fr\/wp-json\/wp\/v2\/pages\/20117\/revisions"}],"predecessor-version":[{"id":20225,"href":"https:\/\/altea-energy.com\/fr\/wp-json\/wp\/v2\/pages\/20117\/revisions\/20225"}],"wp:attachment":[{"href":"https:\/\/altea-energy.com\/fr\/wp-json\/wp\/v2\/media?parent=20117"}],"curies":[{"name":"wp","href":"https:\/\/api.w.org\/{rel}","templated":true}]}}