{"id":14431,"date":"2022-08-24T11:52:23","date_gmt":"2022-08-24T09:52:23","guid":{"rendered":"https:\/\/altea-energy.com\/qui-sommes-nous\/qhse-policy\/"},"modified":"2023-10-04T18:34:47","modified_gmt":"2023-10-04T16:34:47","slug":"notre-politique-qhse","status":"publish","type":"page","link":"https:\/\/altea-energy.com\/fr\/qui-sommes-nous-draft\/notre-politique-qhse\/","title":{"rendered":"Notre politique QHSE"},"content":{"rendered":"","protected":false},"excerpt":{"rendered":"","protected":false},"author":7,"featured_media":0,"parent":9627,"menu_order":1,"comment_status":"closed","ping_status":"closed","template":"","meta":{"_acf_changed":false,"footnotes":""},"class_list":["post-14431","page","type-page","status-publish","hentry"],"acf":[],"yoast_head":"<!-- This site is optimized with the Yoast SEO plugin v27.4 - https:\/\/yoast.com\/product\/yoast-seo-wordpress\/ -->\n<title>Notre politique QHSE - Altea Energy<\/title>\n<meta name=\"description\" content=\"Depuis 2008, Altea Energy investit et d\u00e9ploie des proc\u00e9dures op\u00e9rationnelles QHSE afin d\u2019am\u00e9liorer la satisfaction de ses clients et des consultants et de pr\u00e9server la sant\u00e9 et la s\u00e9curit\u00e9 de tous.\" \/>\n<meta name=\"robots\" content=\"index, follow, max-snippet:-1, max-image-preview:large, max-video-preview:-1\" \/>\n<link rel=\"canonical\" href=\"https:\/\/altea-energy.com\/fr\/qui-sommes-nous-draft\/notre-politique-qhse\/\" \/>\n<meta property=\"og:locale\" content=\"fr_FR\" \/>\n<meta property=\"og:type\" content=\"article\" \/>\n<meta property=\"og:title\" content=\"Notre politique QHSE - Altea Energy\" \/>\n<meta property=\"og:description\" content=\"Depuis 2008, Altea Energy investit et d\u00e9ploie des proc\u00e9dures op\u00e9rationnelles QHSE afin d\u2019am\u00e9liorer la satisfaction de ses clients et des consultants et de pr\u00e9server la sant\u00e9 et la s\u00e9curit\u00e9 de tous.\" \/>\n<meta property=\"og:url\" content=\"https:\/\/altea-energy.com\/fr\/qui-sommes-nous-draft\/notre-politique-qhse\/\" \/>\n<meta property=\"og:site_name\" content=\"Altea Energy\" \/>\n<meta property=\"article:modified_time\" content=\"2023-10-04T16:34:47+00:00\" \/>\n<meta name=\"twitter:card\" content=\"summary_large_image\" \/>\n<script type=\"application\/ld+json\" class=\"yoast-schema-graph\">{\"@context\":\"https:\\\/\\\/schema.org\",\"@graph\":[{\"@type\":\"WebPage\",\"@id\":\"https:\\\/\\\/altea-energy.com\\\/fr\\\/qui-sommes-nous-draft\\\/notre-politique-qhse\\\/\",\"url\":\"https:\\\/\\\/altea-energy.com\\\/fr\\\/qui-sommes-nous-draft\\\/notre-politique-qhse\\\/\",\"name\":\"Notre politique QHSE - Altea Energy\",\"isPartOf\":{\"@id\":\"https:\\\/\\\/altea-energy.com\\\/#website\"},\"datePublished\":\"2022-08-24T09:52:23+00:00\",\"dateModified\":\"2023-10-04T16:34:47+00:00\",\"description\":\"Depuis 2008, Altea Energy investit et d\u00e9ploie des proc\u00e9dures op\u00e9rationnelles QHSE afin d\u2019am\u00e9liorer la satisfaction de ses clients et des consultants et de pr\u00e9server la sant\u00e9 et la s\u00e9curit\u00e9 de tous.\",\"breadcrumb\":{\"@id\":\"https:\\\/\\\/altea-energy.com\\\/fr\\\/qui-sommes-nous-draft\\\/notre-politique-qhse\\\/#breadcrumb\"},\"inLanguage\":\"fr-FR\",\"potentialAction\":[{\"@type\":\"ReadAction\",\"target\":[\"https:\\\/\\\/altea-energy.com\\\/fr\\\/qui-sommes-nous-draft\\\/notre-politique-qhse\\\/\"]}]},{\"@type\":\"BreadcrumbList\",\"@id\":\"https:\\\/\\\/altea-energy.com\\\/fr\\\/qui-sommes-nous-draft\\\/notre-politique-qhse\\\/#breadcrumb\",\"itemListElement\":[{\"@type\":\"ListItem\",\"position\":1,\"name\":\"Accueil\",\"item\":\"https:\\\/\\\/altea-energy.com\\\/fr\\\/\"},{\"@type\":\"ListItem\",\"position\":2,\"name\":\"Qui sommes-nous (draft)\",\"item\":\"https:\\\/\\\/altea-energy.com\\\/fr\\\/?page_id=9627\"},{\"@type\":\"ListItem\",\"position\":3,\"name\":\"Notre politique QHSE\"}]},{\"@type\":\"WebSite\",\"@id\":\"https:\\\/\\\/altea-energy.com\\\/#website\",\"url\":\"https:\\\/\\\/altea-energy.com\\\/\",\"name\":\"Altea Energy\",\"description\":\"\",\"publisher\":{\"@id\":\"https:\\\/\\\/altea-energy.com\\\/#organization\"},\"potentialAction\":[{\"@type\":\"SearchAction\",\"target\":{\"@type\":\"EntryPoint\",\"urlTemplate\":\"https:\\\/\\\/altea-energy.com\\\/?s={search_term_string}\"},\"query-input\":{\"@type\":\"PropertyValueSpecification\",\"valueRequired\":true,\"valueName\":\"search_term_string\"}}],\"inLanguage\":\"fr-FR\"},{\"@type\":\"Organization\",\"@id\":\"https:\\\/\\\/altea-energy.com\\\/#organization\",\"name\":\"Altea Energy\",\"url\":\"https:\\\/\\\/altea-energy.com\\\/\",\"logo\":{\"@type\":\"ImageObject\",\"inLanguage\":\"fr-FR\",\"@id\":\"https:\\\/\\\/altea-energy.com\\\/#\\\/schema\\\/logo\\\/image\\\/\",\"url\":\"https:\\\/\\\/altea-energy.com\\\/wp-content\\\/uploads\\\/logo-altea.svg\",\"contentUrl\":\"https:\\\/\\\/altea-energy.com\\\/wp-content\\\/uploads\\\/logo-altea.svg\",\"width\":1,\"height\":1,\"caption\":\"Altea Energy\"},\"image\":{\"@id\":\"https:\\\/\\\/altea-energy.com\\\/#\\\/schema\\\/logo\\\/image\\\/\"},\"sameAs\":[\"https:\\\/\\\/www.linkedin.com\\\/company\\\/altea-resources\\\/\"]}]}<\/script>\n<!-- \/ Yoast SEO plugin. -->","yoast_head_json":{"title":"Notre politique QHSE - Altea Energy","description":"Depuis 2008, Altea Energy investit et d\u00e9ploie des proc\u00e9dures op\u00e9rationnelles QHSE afin d\u2019am\u00e9liorer la satisfaction de ses clients et des consultants et de pr\u00e9server la sant\u00e9 et la s\u00e9curit\u00e9 de tous.","robots":{"index":"index","follow":"follow","max-snippet":"max-snippet:-1","max-image-preview":"max-image-preview:large","max-video-preview":"max-video-preview:-1"},"canonical":"https:\/\/altea-energy.com\/fr\/qui-sommes-nous-draft\/notre-politique-qhse\/","og_locale":"fr_FR","og_type":"article","og_title":"Notre politique QHSE - Altea Energy","og_description":"Depuis 2008, Altea Energy investit et d\u00e9ploie des proc\u00e9dures op\u00e9rationnelles QHSE afin d\u2019am\u00e9liorer la satisfaction de ses clients et des consultants et de pr\u00e9server la sant\u00e9 et la s\u00e9curit\u00e9 de tous.","og_url":"https:\/\/altea-energy.com\/fr\/qui-sommes-nous-draft\/notre-politique-qhse\/","og_site_name":"Altea Energy","article_modified_time":"2023-10-04T16:34:47+00:00","twitter_card":"summary_large_image","schema":{"@context":"https:\/\/schema.org","@graph":[{"@type":"WebPage","@id":"https:\/\/altea-energy.com\/fr\/qui-sommes-nous-draft\/notre-politique-qhse\/","url":"https:\/\/altea-energy.com\/fr\/qui-sommes-nous-draft\/notre-politique-qhse\/","name":"Notre politique QHSE - Altea Energy","isPartOf":{"@id":"https:\/\/altea-energy.com\/#website"},"datePublished":"2022-08-24T09:52:23+00:00","dateModified":"2023-10-04T16:34:47+00:00","description":"Depuis 2008, Altea Energy investit et d\u00e9ploie des proc\u00e9dures op\u00e9rationnelles QHSE afin d\u2019am\u00e9liorer la satisfaction de ses clients et des consultants et de pr\u00e9server la sant\u00e9 et la s\u00e9curit\u00e9 de tous.","breadcrumb":{"@id":"https:\/\/altea-energy.com\/fr\/qui-sommes-nous-draft\/notre-politique-qhse\/#breadcrumb"},"inLanguage":"fr-FR","potentialAction":[{"@type":"ReadAction","target":["https:\/\/altea-energy.com\/fr\/qui-sommes-nous-draft\/notre-politique-qhse\/"]}]},{"@type":"BreadcrumbList","@id":"https:\/\/altea-energy.com\/fr\/qui-sommes-nous-draft\/notre-politique-qhse\/#breadcrumb","itemListElement":[{"@type":"ListItem","position":1,"name":"Accueil","item":"https:\/\/altea-energy.com\/fr\/"},{"@type":"ListItem","position":2,"name":"Qui sommes-nous (draft)","item":"https:\/\/altea-energy.com\/fr\/?page_id=9627"},{"@type":"ListItem","position":3,"name":"Notre politique QHSE"}]},{"@type":"WebSite","@id":"https:\/\/altea-energy.com\/#website","url":"https:\/\/altea-energy.com\/","name":"Altea Energy","description":"","publisher":{"@id":"https:\/\/altea-energy.com\/#organization"},"potentialAction":[{"@type":"SearchAction","target":{"@type":"EntryPoint","urlTemplate":"https:\/\/altea-energy.com\/?s={search_term_string}"},"query-input":{"@type":"PropertyValueSpecification","valueRequired":true,"valueName":"search_term_string"}}],"inLanguage":"fr-FR"},{"@type":"Organization","@id":"https:\/\/altea-energy.com\/#organization","name":"Altea Energy","url":"https:\/\/altea-energy.com\/","logo":{"@type":"ImageObject","inLanguage":"fr-FR","@id":"https:\/\/altea-energy.com\/#\/schema\/logo\/image\/","url":"https:\/\/altea-energy.com\/wp-content\/uploads\/logo-altea.svg","contentUrl":"https:\/\/altea-energy.com\/wp-content\/uploads\/logo-altea.svg","width":1,"height":1,"caption":"Altea Energy"},"image":{"@id":"https:\/\/altea-energy.com\/#\/schema\/logo\/image\/"},"sameAs":["https:\/\/www.linkedin.com\/company\/altea-resources\/"]}]}},"_links":{"self":[{"href":"https:\/\/altea-energy.com\/fr\/wp-json\/wp\/v2\/pages\/14431","targetHints":{"allow":["GET"]}}],"collection":[{"href":"https:\/\/altea-energy.com\/fr\/wp-json\/wp\/v2\/pages"}],"about":[{"href":"https:\/\/altea-energy.com\/fr\/wp-json\/wp\/v2\/types\/page"}],"author":[{"embeddable":true,"href":"https:\/\/altea-energy.com\/fr\/wp-json\/wp\/v2\/users\/7"}],"replies":[{"embeddable":true,"href":"https:\/\/altea-energy.com\/fr\/wp-json\/wp\/v2\/comments?post=14431"}],"version-history":[{"count":0,"href":"https:\/\/altea-energy.com\/fr\/wp-json\/wp\/v2\/pages\/14431\/revisions"}],"up":[{"embeddable":true,"href":"https:\/\/altea-energy.com\/fr\/wp-json\/wp\/v2\/pages\/9627"}],"wp:attachment":[{"href":"https:\/\/altea-energy.com\/fr\/wp-json\/wp\/v2\/media?parent=14431"}],"curies":[{"name":"wp","href":"https:\/\/api.w.org\/{rel}","templated":true}]}}