{"id":14307,"date":"2022-08-30T16:01:55","date_gmt":"2022-08-30T14:01:55","guid":{"rendered":"https:\/\/altea-energy.com\/?page_id=14307"},"modified":"2023-02-03T11:03:48","modified_gmt":"2023-02-03T10:03:48","slug":"gestion-dequipes-projet","status":"publish","type":"page","link":"https:\/\/altea-energy.com\/fr\/trouver-un-expert\/petrole-gaz\/gestion-dequipes-projet\/","title":{"rendered":"Gestion d&#8217;\u00e9quipes projet"},"content":{"rendered":"","protected":false},"excerpt":{"rendered":"","protected":false},"author":7,"featured_media":0,"parent":9641,"menu_order":2,"comment_status":"closed","ping_status":"closed","template":"","meta":{"_acf_changed":false,"footnotes":""},"class_list":["post-14307","page","type-page","status-publish","hentry"],"acf":[],"yoast_head":"<!-- This site is optimized with the Yoast SEO plugin v27.4 - https:\/\/yoast.com\/product\/yoast-seo-wordpress\/ -->\n<title>Gestion d&#039;\u00e9quipes projet - Altea Energy<\/title>\n<meta name=\"description\" content=\"Afin de vous faire gagner du temps et de vous d\u00e9barrasser des contraintes administratives, Altea Energy s\u2019occupe de la s\u00e9lection, de la contractualisation et de la mobilisation d\u2019\u00e9quipes enti\u00e8res pour vos op\u00e9rations p\u00e9troli\u00e8res et gazi\u00e8res, selon votre besoin.\" \/>\n<meta name=\"robots\" content=\"index, follow, max-snippet:-1, max-image-preview:large, max-video-preview:-1\" \/>\n<link rel=\"canonical\" href=\"https:\/\/altea-energy.com\/fr\/trouver-un-expert\/petrole-gaz\/gestion-dequipes-projet\/\" \/>\n<meta property=\"og:locale\" content=\"fr_FR\" \/>\n<meta property=\"og:type\" content=\"article\" \/>\n<meta property=\"og:title\" content=\"Gestion d&#039;\u00e9quipes projet - Altea Energy\" \/>\n<meta property=\"og:description\" content=\"Afin de vous faire gagner du temps et de vous d\u00e9barrasser des contraintes administratives, Altea Energy s\u2019occupe de la s\u00e9lection, de la contractualisation et de la mobilisation d\u2019\u00e9quipes enti\u00e8res pour vos op\u00e9rations p\u00e9troli\u00e8res et gazi\u00e8res, selon votre besoin.\" \/>\n<meta property=\"og:url\" content=\"https:\/\/altea-energy.com\/fr\/trouver-un-expert\/petrole-gaz\/gestion-dequipes-projet\/\" \/>\n<meta property=\"og:site_name\" content=\"Altea Energy\" \/>\n<meta property=\"article:modified_time\" content=\"2023-02-03T10:03:48+00:00\" \/>\n<meta name=\"twitter:card\" content=\"summary_large_image\" \/>\n<script type=\"application\/ld+json\" class=\"yoast-schema-graph\">{\"@context\":\"https:\\\/\\\/schema.org\",\"@graph\":[{\"@type\":\"WebPage\",\"@id\":\"https:\\\/\\\/altea-energy.com\\\/fr\\\/trouver-un-expert\\\/petrole-gaz\\\/gestion-dequipes-projet\\\/\",\"url\":\"https:\\\/\\\/altea-energy.com\\\/fr\\\/trouver-un-expert\\\/petrole-gaz\\\/gestion-dequipes-projet\\\/\",\"name\":\"Gestion d'\u00e9quipes projet - Altea Energy\",\"isPartOf\":{\"@id\":\"https:\\\/\\\/altea-energy.com\\\/#website\"},\"datePublished\":\"2022-08-30T14:01:55+00:00\",\"dateModified\":\"2023-02-03T10:03:48+00:00\",\"description\":\"Afin de vous faire gagner du temps et de vous d\u00e9barrasser des contraintes administratives, Altea Energy s\u2019occupe de la s\u00e9lection, de la contractualisation et de la mobilisation d\u2019\u00e9quipes enti\u00e8res pour vos op\u00e9rations p\u00e9troli\u00e8res et gazi\u00e8res, selon votre besoin.\",\"breadcrumb\":{\"@id\":\"https:\\\/\\\/altea-energy.com\\\/fr\\\/trouver-un-expert\\\/petrole-gaz\\\/gestion-dequipes-projet\\\/#breadcrumb\"},\"inLanguage\":\"fr-FR\",\"potentialAction\":[{\"@type\":\"ReadAction\",\"target\":[\"https:\\\/\\\/altea-energy.com\\\/fr\\\/trouver-un-expert\\\/petrole-gaz\\\/gestion-dequipes-projet\\\/\"]}]},{\"@type\":\"BreadcrumbList\",\"@id\":\"https:\\\/\\\/altea-energy.com\\\/fr\\\/trouver-un-expert\\\/petrole-gaz\\\/gestion-dequipes-projet\\\/#breadcrumb\",\"itemListElement\":[{\"@type\":\"ListItem\",\"position\":1,\"name\":\"Accueil\",\"item\":\"https:\\\/\\\/altea-energy.com\\\/fr\\\/\"},{\"@type\":\"ListItem\",\"position\":2,\"name\":\"Trouver un expert\",\"item\":\"https:\\\/\\\/altea-energy.com\\\/fr\\\/trouver-un-expert\\\/\"},{\"@type\":\"ListItem\",\"position\":3,\"name\":\"P\u00e9trole &#038; Gaz\",\"item\":\"https:\\\/\\\/altea-energy.com\\\/fr\\\/trouver-un-expert\\\/petrole-gaz\\\/\"},{\"@type\":\"ListItem\",\"position\":4,\"name\":\"Gestion d&#8217;\u00e9quipes projet\"}]},{\"@type\":\"WebSite\",\"@id\":\"https:\\\/\\\/altea-energy.com\\\/#website\",\"url\":\"https:\\\/\\\/altea-energy.com\\\/\",\"name\":\"Altea Energy\",\"description\":\"\",\"publisher\":{\"@id\":\"https:\\\/\\\/altea-energy.com\\\/#organization\"},\"potentialAction\":[{\"@type\":\"SearchAction\",\"target\":{\"@type\":\"EntryPoint\",\"urlTemplate\":\"https:\\\/\\\/altea-energy.com\\\/?s={search_term_string}\"},\"query-input\":{\"@type\":\"PropertyValueSpecification\",\"valueRequired\":true,\"valueName\":\"search_term_string\"}}],\"inLanguage\":\"fr-FR\"},{\"@type\":\"Organization\",\"@id\":\"https:\\\/\\\/altea-energy.com\\\/#organization\",\"name\":\"Altea Energy\",\"url\":\"https:\\\/\\\/altea-energy.com\\\/\",\"logo\":{\"@type\":\"ImageObject\",\"inLanguage\":\"fr-FR\",\"@id\":\"https:\\\/\\\/altea-energy.com\\\/#\\\/schema\\\/logo\\\/image\\\/\",\"url\":\"https:\\\/\\\/altea-energy.com\\\/wp-content\\\/uploads\\\/logo-altea.svg\",\"contentUrl\":\"https:\\\/\\\/altea-energy.com\\\/wp-content\\\/uploads\\\/logo-altea.svg\",\"width\":1,\"height\":1,\"caption\":\"Altea Energy\"},\"image\":{\"@id\":\"https:\\\/\\\/altea-energy.com\\\/#\\\/schema\\\/logo\\\/image\\\/\"},\"sameAs\":[\"https:\\\/\\\/www.linkedin.com\\\/company\\\/altea-resources\\\/\"]}]}<\/script>\n<!-- \/ Yoast SEO plugin. -->","yoast_head_json":{"title":"Gestion d'\u00e9quipes projet - Altea Energy","description":"Afin de vous faire gagner du temps et de vous d\u00e9barrasser des contraintes administratives, Altea Energy s\u2019occupe de la s\u00e9lection, de la contractualisation et de la mobilisation d\u2019\u00e9quipes enti\u00e8res pour vos op\u00e9rations p\u00e9troli\u00e8res et gazi\u00e8res, selon votre besoin.","robots":{"index":"index","follow":"follow","max-snippet":"max-snippet:-1","max-image-preview":"max-image-preview:large","max-video-preview":"max-video-preview:-1"},"canonical":"https:\/\/altea-energy.com\/fr\/trouver-un-expert\/petrole-gaz\/gestion-dequipes-projet\/","og_locale":"fr_FR","og_type":"article","og_title":"Gestion d'\u00e9quipes projet - Altea Energy","og_description":"Afin de vous faire gagner du temps et de vous d\u00e9barrasser des contraintes administratives, Altea Energy s\u2019occupe de la s\u00e9lection, de la contractualisation et de la mobilisation d\u2019\u00e9quipes enti\u00e8res pour vos op\u00e9rations p\u00e9troli\u00e8res et gazi\u00e8res, selon votre besoin.","og_url":"https:\/\/altea-energy.com\/fr\/trouver-un-expert\/petrole-gaz\/gestion-dequipes-projet\/","og_site_name":"Altea Energy","article_modified_time":"2023-02-03T10:03:48+00:00","twitter_card":"summary_large_image","schema":{"@context":"https:\/\/schema.org","@graph":[{"@type":"WebPage","@id":"https:\/\/altea-energy.com\/fr\/trouver-un-expert\/petrole-gaz\/gestion-dequipes-projet\/","url":"https:\/\/altea-energy.com\/fr\/trouver-un-expert\/petrole-gaz\/gestion-dequipes-projet\/","name":"Gestion d'\u00e9quipes projet - Altea Energy","isPartOf":{"@id":"https:\/\/altea-energy.com\/#website"},"datePublished":"2022-08-30T14:01:55+00:00","dateModified":"2023-02-03T10:03:48+00:00","description":"Afin de vous faire gagner du temps et de vous d\u00e9barrasser des contraintes administratives, Altea Energy s\u2019occupe de la s\u00e9lection, de la contractualisation et de la mobilisation d\u2019\u00e9quipes enti\u00e8res pour vos op\u00e9rations p\u00e9troli\u00e8res et gazi\u00e8res, selon votre besoin.","breadcrumb":{"@id":"https:\/\/altea-energy.com\/fr\/trouver-un-expert\/petrole-gaz\/gestion-dequipes-projet\/#breadcrumb"},"inLanguage":"fr-FR","potentialAction":[{"@type":"ReadAction","target":["https:\/\/altea-energy.com\/fr\/trouver-un-expert\/petrole-gaz\/gestion-dequipes-projet\/"]}]},{"@type":"BreadcrumbList","@id":"https:\/\/altea-energy.com\/fr\/trouver-un-expert\/petrole-gaz\/gestion-dequipes-projet\/#breadcrumb","itemListElement":[{"@type":"ListItem","position":1,"name":"Accueil","item":"https:\/\/altea-energy.com\/fr\/"},{"@type":"ListItem","position":2,"name":"Trouver un expert","item":"https:\/\/altea-energy.com\/fr\/trouver-un-expert\/"},{"@type":"ListItem","position":3,"name":"P\u00e9trole &#038; Gaz","item":"https:\/\/altea-energy.com\/fr\/trouver-un-expert\/petrole-gaz\/"},{"@type":"ListItem","position":4,"name":"Gestion d&#8217;\u00e9quipes projet"}]},{"@type":"WebSite","@id":"https:\/\/altea-energy.com\/#website","url":"https:\/\/altea-energy.com\/","name":"Altea Energy","description":"","publisher":{"@id":"https:\/\/altea-energy.com\/#organization"},"potentialAction":[{"@type":"SearchAction","target":{"@type":"EntryPoint","urlTemplate":"https:\/\/altea-energy.com\/?s={search_term_string}"},"query-input":{"@type":"PropertyValueSpecification","valueRequired":true,"valueName":"search_term_string"}}],"inLanguage":"fr-FR"},{"@type":"Organization","@id":"https:\/\/altea-energy.com\/#organization","name":"Altea Energy","url":"https:\/\/altea-energy.com\/","logo":{"@type":"ImageObject","inLanguage":"fr-FR","@id":"https:\/\/altea-energy.com\/#\/schema\/logo\/image\/","url":"https:\/\/altea-energy.com\/wp-content\/uploads\/logo-altea.svg","contentUrl":"https:\/\/altea-energy.com\/wp-content\/uploads\/logo-altea.svg","width":1,"height":1,"caption":"Altea Energy"},"image":{"@id":"https:\/\/altea-energy.com\/#\/schema\/logo\/image\/"},"sameAs":["https:\/\/www.linkedin.com\/company\/altea-resources\/"]}]}},"_links":{"self":[{"href":"https:\/\/altea-energy.com\/fr\/wp-json\/wp\/v2\/pages\/14307","targetHints":{"allow":["GET"]}}],"collection":[{"href":"https:\/\/altea-energy.com\/fr\/wp-json\/wp\/v2\/pages"}],"about":[{"href":"https:\/\/altea-energy.com\/fr\/wp-json\/wp\/v2\/types\/page"}],"author":[{"embeddable":true,"href":"https:\/\/altea-energy.com\/fr\/wp-json\/wp\/v2\/users\/7"}],"replies":[{"embeddable":true,"href":"https:\/\/altea-energy.com\/fr\/wp-json\/wp\/v2\/comments?post=14307"}],"version-history":[{"count":0,"href":"https:\/\/altea-energy.com\/fr\/wp-json\/wp\/v2\/pages\/14307\/revisions"}],"up":[{"embeddable":true,"href":"https:\/\/altea-energy.com\/fr\/wp-json\/wp\/v2\/pages\/9641"}],"wp:attachment":[{"href":"https:\/\/altea-energy.com\/fr\/wp-json\/wp\/v2\/media?parent=14307"}],"curies":[{"name":"wp","href":"https:\/\/api.w.org\/{rel}","templated":true}]}}