{"id":14286,"date":"2022-08-30T16:42:06","date_gmt":"2022-08-30T14:42:06","guid":{"rendered":"https:\/\/altea-energy.com\/?page_id=14286"},"modified":"2022-08-31T14:15:47","modified_gmt":"2022-08-31T12:15:47","slug":"services-dintegrite-des-puits","status":"publish","type":"page","link":"https:\/\/altea-energy.com\/fr\/trouver-un-expert\/petrole-gaz\/services-dintegrite-des-puits\/","title":{"rendered":"Services d&#8217;int\u00e9grit\u00e9 des puits"},"content":{"rendered":"","protected":false},"excerpt":{"rendered":"","protected":false},"author":7,"featured_media":0,"parent":9641,"menu_order":1,"comment_status":"closed","ping_status":"closed","template":"","meta":{"_acf_changed":false,"footnotes":""},"class_list":["post-14286","page","type-page","status-publish","hentry"],"acf":[],"yoast_head":"<!-- This site is optimized with the Yoast SEO plugin v27.4 - https:\/\/yoast.com\/product\/yoast-seo-wordpress\/ -->\n<title>Services d&#039;int\u00e9grit\u00e9 des puits - Altea Energy<\/title>\n<meta name=\"description\" content=\"Parce que la s\u00e9curit\u00e9 est une priorit\u00e9, nous nous sommes associ\u00e9s aux meilleurs experts en int\u00e9grit\u00e9 des puits de l\u2019industrie p\u00e9troli\u00e8re et gazi\u00e8re pour fournir des services de conseil, d&#039;ing\u00e9nierie et de formation sp\u00e9cialis\u00e9s dans l&#039;int\u00e9grit\u00e9 des puits. D\u00e9couvrez nos services !\" \/>\n<meta name=\"robots\" content=\"index, follow, max-snippet:-1, max-image-preview:large, max-video-preview:-1\" \/>\n<link rel=\"canonical\" href=\"https:\/\/altea-energy.com\/fr\/trouver-un-expert\/petrole-gaz\/services-dintegrite-des-puits\/\" \/>\n<meta property=\"og:locale\" content=\"fr_FR\" \/>\n<meta property=\"og:type\" content=\"article\" \/>\n<meta property=\"og:title\" content=\"Services d&#039;int\u00e9grit\u00e9 des puits - Altea Energy\" \/>\n<meta property=\"og:description\" content=\"Parce que la s\u00e9curit\u00e9 est une priorit\u00e9, nous nous sommes associ\u00e9s aux meilleurs experts en int\u00e9grit\u00e9 des puits de l\u2019industrie p\u00e9troli\u00e8re et gazi\u00e8re pour fournir des services de conseil, d&#039;ing\u00e9nierie et de formation sp\u00e9cialis\u00e9s dans l&#039;int\u00e9grit\u00e9 des puits. D\u00e9couvrez nos services !\" \/>\n<meta property=\"og:url\" content=\"https:\/\/altea-energy.com\/fr\/trouver-un-expert\/petrole-gaz\/services-dintegrite-des-puits\/\" \/>\n<meta property=\"og:site_name\" content=\"Altea Energy\" \/>\n<meta property=\"article:modified_time\" content=\"2022-08-31T12:15:47+00:00\" \/>\n<meta name=\"twitter:card\" content=\"summary_large_image\" \/>\n<script type=\"application\/ld+json\" class=\"yoast-schema-graph\">{\"@context\":\"https:\\\/\\\/schema.org\",\"@graph\":[{\"@type\":\"WebPage\",\"@id\":\"https:\\\/\\\/altea-energy.com\\\/fr\\\/trouver-un-expert\\\/petrole-gaz\\\/services-dintegrite-des-puits\\\/\",\"url\":\"https:\\\/\\\/altea-energy.com\\\/fr\\\/trouver-un-expert\\\/petrole-gaz\\\/services-dintegrite-des-puits\\\/\",\"name\":\"Services d'int\u00e9grit\u00e9 des puits - Altea Energy\",\"isPartOf\":{\"@id\":\"https:\\\/\\\/altea-energy.com\\\/#website\"},\"datePublished\":\"2022-08-30T14:42:06+00:00\",\"dateModified\":\"2022-08-31T12:15:47+00:00\",\"description\":\"Parce que la s\u00e9curit\u00e9 est une priorit\u00e9, nous nous sommes associ\u00e9s aux meilleurs experts en int\u00e9grit\u00e9 des puits de l\u2019industrie p\u00e9troli\u00e8re et gazi\u00e8re pour fournir des services de conseil, d'ing\u00e9nierie et de formation sp\u00e9cialis\u00e9s dans l'int\u00e9grit\u00e9 des puits. D\u00e9couvrez nos services !\",\"breadcrumb\":{\"@id\":\"https:\\\/\\\/altea-energy.com\\\/fr\\\/trouver-un-expert\\\/petrole-gaz\\\/services-dintegrite-des-puits\\\/#breadcrumb\"},\"inLanguage\":\"fr-FR\",\"potentialAction\":[{\"@type\":\"ReadAction\",\"target\":[\"https:\\\/\\\/altea-energy.com\\\/fr\\\/trouver-un-expert\\\/petrole-gaz\\\/services-dintegrite-des-puits\\\/\"]}]},{\"@type\":\"BreadcrumbList\",\"@id\":\"https:\\\/\\\/altea-energy.com\\\/fr\\\/trouver-un-expert\\\/petrole-gaz\\\/services-dintegrite-des-puits\\\/#breadcrumb\",\"itemListElement\":[{\"@type\":\"ListItem\",\"position\":1,\"name\":\"Accueil\",\"item\":\"https:\\\/\\\/altea-energy.com\\\/fr\\\/\"},{\"@type\":\"ListItem\",\"position\":2,\"name\":\"Trouver un expert\",\"item\":\"https:\\\/\\\/altea-energy.com\\\/fr\\\/trouver-un-expert\\\/\"},{\"@type\":\"ListItem\",\"position\":3,\"name\":\"P\u00e9trole &#038; Gaz\",\"item\":\"https:\\\/\\\/altea-energy.com\\\/fr\\\/trouver-un-expert\\\/petrole-gaz\\\/\"},{\"@type\":\"ListItem\",\"position\":4,\"name\":\"Services d&#8217;int\u00e9grit\u00e9 des puits\"}]},{\"@type\":\"WebSite\",\"@id\":\"https:\\\/\\\/altea-energy.com\\\/#website\",\"url\":\"https:\\\/\\\/altea-energy.com\\\/\",\"name\":\"Altea Energy\",\"description\":\"\",\"publisher\":{\"@id\":\"https:\\\/\\\/altea-energy.com\\\/#organization\"},\"potentialAction\":[{\"@type\":\"SearchAction\",\"target\":{\"@type\":\"EntryPoint\",\"urlTemplate\":\"https:\\\/\\\/altea-energy.com\\\/?s={search_term_string}\"},\"query-input\":{\"@type\":\"PropertyValueSpecification\",\"valueRequired\":true,\"valueName\":\"search_term_string\"}}],\"inLanguage\":\"fr-FR\"},{\"@type\":\"Organization\",\"@id\":\"https:\\\/\\\/altea-energy.com\\\/#organization\",\"name\":\"Altea Energy\",\"url\":\"https:\\\/\\\/altea-energy.com\\\/\",\"logo\":{\"@type\":\"ImageObject\",\"inLanguage\":\"fr-FR\",\"@id\":\"https:\\\/\\\/altea-energy.com\\\/#\\\/schema\\\/logo\\\/image\\\/\",\"url\":\"https:\\\/\\\/altea-energy.com\\\/wp-content\\\/uploads\\\/logo-altea.svg\",\"contentUrl\":\"https:\\\/\\\/altea-energy.com\\\/wp-content\\\/uploads\\\/logo-altea.svg\",\"width\":1,\"height\":1,\"caption\":\"Altea Energy\"},\"image\":{\"@id\":\"https:\\\/\\\/altea-energy.com\\\/#\\\/schema\\\/logo\\\/image\\\/\"},\"sameAs\":[\"https:\\\/\\\/www.linkedin.com\\\/company\\\/altea-resources\\\/\"]}]}<\/script>\n<!-- \/ Yoast SEO plugin. -->","yoast_head_json":{"title":"Services d'int\u00e9grit\u00e9 des puits - Altea Energy","description":"Parce que la s\u00e9curit\u00e9 est une priorit\u00e9, nous nous sommes associ\u00e9s aux meilleurs experts en int\u00e9grit\u00e9 des puits de l\u2019industrie p\u00e9troli\u00e8re et gazi\u00e8re pour fournir des services de conseil, d'ing\u00e9nierie et de formation sp\u00e9cialis\u00e9s dans l'int\u00e9grit\u00e9 des puits. D\u00e9couvrez nos services !","robots":{"index":"index","follow":"follow","max-snippet":"max-snippet:-1","max-image-preview":"max-image-preview:large","max-video-preview":"max-video-preview:-1"},"canonical":"https:\/\/altea-energy.com\/fr\/trouver-un-expert\/petrole-gaz\/services-dintegrite-des-puits\/","og_locale":"fr_FR","og_type":"article","og_title":"Services d'int\u00e9grit\u00e9 des puits - Altea Energy","og_description":"Parce que la s\u00e9curit\u00e9 est une priorit\u00e9, nous nous sommes associ\u00e9s aux meilleurs experts en int\u00e9grit\u00e9 des puits de l\u2019industrie p\u00e9troli\u00e8re et gazi\u00e8re pour fournir des services de conseil, d'ing\u00e9nierie et de formation sp\u00e9cialis\u00e9s dans l'int\u00e9grit\u00e9 des puits. D\u00e9couvrez nos services !","og_url":"https:\/\/altea-energy.com\/fr\/trouver-un-expert\/petrole-gaz\/services-dintegrite-des-puits\/","og_site_name":"Altea Energy","article_modified_time":"2022-08-31T12:15:47+00:00","twitter_card":"summary_large_image","schema":{"@context":"https:\/\/schema.org","@graph":[{"@type":"WebPage","@id":"https:\/\/altea-energy.com\/fr\/trouver-un-expert\/petrole-gaz\/services-dintegrite-des-puits\/","url":"https:\/\/altea-energy.com\/fr\/trouver-un-expert\/petrole-gaz\/services-dintegrite-des-puits\/","name":"Services d'int\u00e9grit\u00e9 des puits - Altea Energy","isPartOf":{"@id":"https:\/\/altea-energy.com\/#website"},"datePublished":"2022-08-30T14:42:06+00:00","dateModified":"2022-08-31T12:15:47+00:00","description":"Parce que la s\u00e9curit\u00e9 est une priorit\u00e9, nous nous sommes associ\u00e9s aux meilleurs experts en int\u00e9grit\u00e9 des puits de l\u2019industrie p\u00e9troli\u00e8re et gazi\u00e8re pour fournir des services de conseil, d'ing\u00e9nierie et de formation sp\u00e9cialis\u00e9s dans l'int\u00e9grit\u00e9 des puits. D\u00e9couvrez nos services !","breadcrumb":{"@id":"https:\/\/altea-energy.com\/fr\/trouver-un-expert\/petrole-gaz\/services-dintegrite-des-puits\/#breadcrumb"},"inLanguage":"fr-FR","potentialAction":[{"@type":"ReadAction","target":["https:\/\/altea-energy.com\/fr\/trouver-un-expert\/petrole-gaz\/services-dintegrite-des-puits\/"]}]},{"@type":"BreadcrumbList","@id":"https:\/\/altea-energy.com\/fr\/trouver-un-expert\/petrole-gaz\/services-dintegrite-des-puits\/#breadcrumb","itemListElement":[{"@type":"ListItem","position":1,"name":"Accueil","item":"https:\/\/altea-energy.com\/fr\/"},{"@type":"ListItem","position":2,"name":"Trouver un expert","item":"https:\/\/altea-energy.com\/fr\/trouver-un-expert\/"},{"@type":"ListItem","position":3,"name":"P\u00e9trole &#038; Gaz","item":"https:\/\/altea-energy.com\/fr\/trouver-un-expert\/petrole-gaz\/"},{"@type":"ListItem","position":4,"name":"Services d&#8217;int\u00e9grit\u00e9 des puits"}]},{"@type":"WebSite","@id":"https:\/\/altea-energy.com\/#website","url":"https:\/\/altea-energy.com\/","name":"Altea Energy","description":"","publisher":{"@id":"https:\/\/altea-energy.com\/#organization"},"potentialAction":[{"@type":"SearchAction","target":{"@type":"EntryPoint","urlTemplate":"https:\/\/altea-energy.com\/?s={search_term_string}"},"query-input":{"@type":"PropertyValueSpecification","valueRequired":true,"valueName":"search_term_string"}}],"inLanguage":"fr-FR"},{"@type":"Organization","@id":"https:\/\/altea-energy.com\/#organization","name":"Altea Energy","url":"https:\/\/altea-energy.com\/","logo":{"@type":"ImageObject","inLanguage":"fr-FR","@id":"https:\/\/altea-energy.com\/#\/schema\/logo\/image\/","url":"https:\/\/altea-energy.com\/wp-content\/uploads\/logo-altea.svg","contentUrl":"https:\/\/altea-energy.com\/wp-content\/uploads\/logo-altea.svg","width":1,"height":1,"caption":"Altea Energy"},"image":{"@id":"https:\/\/altea-energy.com\/#\/schema\/logo\/image\/"},"sameAs":["https:\/\/www.linkedin.com\/company\/altea-resources\/"]}]}},"_links":{"self":[{"href":"https:\/\/altea-energy.com\/fr\/wp-json\/wp\/v2\/pages\/14286","targetHints":{"allow":["GET"]}}],"collection":[{"href":"https:\/\/altea-energy.com\/fr\/wp-json\/wp\/v2\/pages"}],"about":[{"href":"https:\/\/altea-energy.com\/fr\/wp-json\/wp\/v2\/types\/page"}],"author":[{"embeddable":true,"href":"https:\/\/altea-energy.com\/fr\/wp-json\/wp\/v2\/users\/7"}],"replies":[{"embeddable":true,"href":"https:\/\/altea-energy.com\/fr\/wp-json\/wp\/v2\/comments?post=14286"}],"version-history":[{"count":0,"href":"https:\/\/altea-energy.com\/fr\/wp-json\/wp\/v2\/pages\/14286\/revisions"}],"up":[{"embeddable":true,"href":"https:\/\/altea-energy.com\/fr\/wp-json\/wp\/v2\/pages\/9641"}],"wp:attachment":[{"href":"https:\/\/altea-energy.com\/fr\/wp-json\/wp\/v2\/media?parent=14286"}],"curies":[{"name":"wp","href":"https:\/\/api.w.org\/{rel}","templated":true}]}}