{"id":13671,"date":"2022-07-19T11:52:13","date_gmt":"2022-07-19T09:52:13","guid":{"rendered":"https:\/\/altea-energy.com\/?page_id=13671"},"modified":"2023-10-04T18:42:50","modified_gmt":"2023-10-04T16:42:50","slug":"nucleaire","status":"publish","type":"page","link":"https:\/\/altea-energy.com\/fr\/trouver-un-expert\/nucleaire\/","title":{"rendered":"Nucl\u00e9aire"},"content":{"rendered":"","protected":false},"excerpt":{"rendered":"","protected":false},"author":7,"featured_media":0,"parent":9639,"menu_order":3,"comment_status":"closed","ping_status":"closed","template":"","meta":{"_acf_changed":false,"footnotes":""},"class_list":["post-13671","page","type-page","status-publish","hentry"],"acf":[],"yoast_head":"<!-- This site is optimized with the Yoast SEO plugin v27.4 - https:\/\/yoast.com\/product\/yoast-seo-wordpress\/ -->\n<title>Services de recrutement et conseil pour l&#039;industrie nucl\u00e9aire - Altea Energy<\/title>\n<meta name=\"description\" content=\"Altea Energy mobilise les meilleurs experts en ing\u00e9nierie, en s\u00e9curit\u00e9 et en supervision pour vos projets nucl\u00e9aires. D\u00e9couvrez nos services !\" \/>\n<meta name=\"robots\" content=\"index, follow, max-snippet:-1, max-image-preview:large, max-video-preview:-1\" \/>\n<link rel=\"canonical\" href=\"https:\/\/altea-energy.com\/fr\/trouver-un-expert\/nucleaire\/\" \/>\n<meta property=\"og:locale\" content=\"fr_FR\" \/>\n<meta property=\"og:type\" content=\"article\" \/>\n<meta property=\"og:title\" content=\"Services de recrutement et conseil pour l&#039;industrie nucl\u00e9aire - Altea Energy\" \/>\n<meta property=\"og:description\" content=\"Altea Energy mobilise les meilleurs experts en ing\u00e9nierie, en s\u00e9curit\u00e9 et en supervision pour vos projets nucl\u00e9aires. D\u00e9couvrez nos services !\" \/>\n<meta property=\"og:url\" content=\"https:\/\/altea-energy.com\/fr\/trouver-un-expert\/nucleaire\/\" \/>\n<meta property=\"og:site_name\" content=\"Altea Energy\" \/>\n<meta property=\"article:modified_time\" content=\"2023-10-04T16:42:50+00:00\" \/>\n<meta name=\"twitter:card\" content=\"summary_large_image\" \/>\n<script type=\"application\/ld+json\" class=\"yoast-schema-graph\">{\"@context\":\"https:\\\/\\\/schema.org\",\"@graph\":[{\"@type\":\"WebPage\",\"@id\":\"https:\\\/\\\/altea-energy.com\\\/fr\\\/trouver-un-expert\\\/nucleaire\\\/\",\"url\":\"https:\\\/\\\/altea-energy.com\\\/fr\\\/trouver-un-expert\\\/nucleaire\\\/\",\"name\":\"Services de recrutement et conseil pour l'industrie nucl\u00e9aire - Altea Energy\",\"isPartOf\":{\"@id\":\"https:\\\/\\\/altea-energy.com\\\/#website\"},\"datePublished\":\"2022-07-19T09:52:13+00:00\",\"dateModified\":\"2023-10-04T16:42:50+00:00\",\"description\":\"Altea Energy mobilise les meilleurs experts en ing\u00e9nierie, en s\u00e9curit\u00e9 et en supervision pour vos projets nucl\u00e9aires. D\u00e9couvrez nos services !\",\"breadcrumb\":{\"@id\":\"https:\\\/\\\/altea-energy.com\\\/fr\\\/trouver-un-expert\\\/nucleaire\\\/#breadcrumb\"},\"inLanguage\":\"fr-FR\",\"potentialAction\":[{\"@type\":\"ReadAction\",\"target\":[\"https:\\\/\\\/altea-energy.com\\\/fr\\\/trouver-un-expert\\\/nucleaire\\\/\"]}]},{\"@type\":\"BreadcrumbList\",\"@id\":\"https:\\\/\\\/altea-energy.com\\\/fr\\\/trouver-un-expert\\\/nucleaire\\\/#breadcrumb\",\"itemListElement\":[{\"@type\":\"ListItem\",\"position\":1,\"name\":\"Accueil\",\"item\":\"https:\\\/\\\/altea-energy.com\\\/fr\\\/\"},{\"@type\":\"ListItem\",\"position\":2,\"name\":\"Trouver un expert\",\"item\":\"https:\\\/\\\/altea-energy.com\\\/fr\\\/trouver-un-expert\\\/\"},{\"@type\":\"ListItem\",\"position\":3,\"name\":\"Nucl\u00e9aire\"}]},{\"@type\":\"WebSite\",\"@id\":\"https:\\\/\\\/altea-energy.com\\\/#website\",\"url\":\"https:\\\/\\\/altea-energy.com\\\/\",\"name\":\"Altea Energy\",\"description\":\"\",\"publisher\":{\"@id\":\"https:\\\/\\\/altea-energy.com\\\/#organization\"},\"potentialAction\":[{\"@type\":\"SearchAction\",\"target\":{\"@type\":\"EntryPoint\",\"urlTemplate\":\"https:\\\/\\\/altea-energy.com\\\/?s={search_term_string}\"},\"query-input\":{\"@type\":\"PropertyValueSpecification\",\"valueRequired\":true,\"valueName\":\"search_term_string\"}}],\"inLanguage\":\"fr-FR\"},{\"@type\":\"Organization\",\"@id\":\"https:\\\/\\\/altea-energy.com\\\/#organization\",\"name\":\"Altea Energy\",\"url\":\"https:\\\/\\\/altea-energy.com\\\/\",\"logo\":{\"@type\":\"ImageObject\",\"inLanguage\":\"fr-FR\",\"@id\":\"https:\\\/\\\/altea-energy.com\\\/#\\\/schema\\\/logo\\\/image\\\/\",\"url\":\"https:\\\/\\\/altea-energy.com\\\/wp-content\\\/uploads\\\/logo-altea.svg\",\"contentUrl\":\"https:\\\/\\\/altea-energy.com\\\/wp-content\\\/uploads\\\/logo-altea.svg\",\"width\":1,\"height\":1,\"caption\":\"Altea Energy\"},\"image\":{\"@id\":\"https:\\\/\\\/altea-energy.com\\\/#\\\/schema\\\/logo\\\/image\\\/\"},\"sameAs\":[\"https:\\\/\\\/www.linkedin.com\\\/company\\\/altea-resources\\\/\"]}]}<\/script>\n<!-- \/ Yoast SEO plugin. -->","yoast_head_json":{"title":"Services de recrutement et conseil pour l'industrie nucl\u00e9aire - Altea Energy","description":"Altea Energy mobilise les meilleurs experts en ing\u00e9nierie, en s\u00e9curit\u00e9 et en supervision pour vos projets nucl\u00e9aires. D\u00e9couvrez nos services !","robots":{"index":"index","follow":"follow","max-snippet":"max-snippet:-1","max-image-preview":"max-image-preview:large","max-video-preview":"max-video-preview:-1"},"canonical":"https:\/\/altea-energy.com\/fr\/trouver-un-expert\/nucleaire\/","og_locale":"fr_FR","og_type":"article","og_title":"Services de recrutement et conseil pour l'industrie nucl\u00e9aire - Altea Energy","og_description":"Altea Energy mobilise les meilleurs experts en ing\u00e9nierie, en s\u00e9curit\u00e9 et en supervision pour vos projets nucl\u00e9aires. D\u00e9couvrez nos services !","og_url":"https:\/\/altea-energy.com\/fr\/trouver-un-expert\/nucleaire\/","og_site_name":"Altea Energy","article_modified_time":"2023-10-04T16:42:50+00:00","twitter_card":"summary_large_image","schema":{"@context":"https:\/\/schema.org","@graph":[{"@type":"WebPage","@id":"https:\/\/altea-energy.com\/fr\/trouver-un-expert\/nucleaire\/","url":"https:\/\/altea-energy.com\/fr\/trouver-un-expert\/nucleaire\/","name":"Services de recrutement et conseil pour l'industrie nucl\u00e9aire - Altea Energy","isPartOf":{"@id":"https:\/\/altea-energy.com\/#website"},"datePublished":"2022-07-19T09:52:13+00:00","dateModified":"2023-10-04T16:42:50+00:00","description":"Altea Energy mobilise les meilleurs experts en ing\u00e9nierie, en s\u00e9curit\u00e9 et en supervision pour vos projets nucl\u00e9aires. D\u00e9couvrez nos services !","breadcrumb":{"@id":"https:\/\/altea-energy.com\/fr\/trouver-un-expert\/nucleaire\/#breadcrumb"},"inLanguage":"fr-FR","potentialAction":[{"@type":"ReadAction","target":["https:\/\/altea-energy.com\/fr\/trouver-un-expert\/nucleaire\/"]}]},{"@type":"BreadcrumbList","@id":"https:\/\/altea-energy.com\/fr\/trouver-un-expert\/nucleaire\/#breadcrumb","itemListElement":[{"@type":"ListItem","position":1,"name":"Accueil","item":"https:\/\/altea-energy.com\/fr\/"},{"@type":"ListItem","position":2,"name":"Trouver un expert","item":"https:\/\/altea-energy.com\/fr\/trouver-un-expert\/"},{"@type":"ListItem","position":3,"name":"Nucl\u00e9aire"}]},{"@type":"WebSite","@id":"https:\/\/altea-energy.com\/#website","url":"https:\/\/altea-energy.com\/","name":"Altea Energy","description":"","publisher":{"@id":"https:\/\/altea-energy.com\/#organization"},"potentialAction":[{"@type":"SearchAction","target":{"@type":"EntryPoint","urlTemplate":"https:\/\/altea-energy.com\/?s={search_term_string}"},"query-input":{"@type":"PropertyValueSpecification","valueRequired":true,"valueName":"search_term_string"}}],"inLanguage":"fr-FR"},{"@type":"Organization","@id":"https:\/\/altea-energy.com\/#organization","name":"Altea Energy","url":"https:\/\/altea-energy.com\/","logo":{"@type":"ImageObject","inLanguage":"fr-FR","@id":"https:\/\/altea-energy.com\/#\/schema\/logo\/image\/","url":"https:\/\/altea-energy.com\/wp-content\/uploads\/logo-altea.svg","contentUrl":"https:\/\/altea-energy.com\/wp-content\/uploads\/logo-altea.svg","width":1,"height":1,"caption":"Altea Energy"},"image":{"@id":"https:\/\/altea-energy.com\/#\/schema\/logo\/image\/"},"sameAs":["https:\/\/www.linkedin.com\/company\/altea-resources\/"]}]}},"_links":{"self":[{"href":"https:\/\/altea-energy.com\/fr\/wp-json\/wp\/v2\/pages\/13671","targetHints":{"allow":["GET"]}}],"collection":[{"href":"https:\/\/altea-energy.com\/fr\/wp-json\/wp\/v2\/pages"}],"about":[{"href":"https:\/\/altea-energy.com\/fr\/wp-json\/wp\/v2\/types\/page"}],"author":[{"embeddable":true,"href":"https:\/\/altea-energy.com\/fr\/wp-json\/wp\/v2\/users\/7"}],"replies":[{"embeddable":true,"href":"https:\/\/altea-energy.com\/fr\/wp-json\/wp\/v2\/comments?post=13671"}],"version-history":[{"count":0,"href":"https:\/\/altea-energy.com\/fr\/wp-json\/wp\/v2\/pages\/13671\/revisions"}],"up":[{"embeddable":true,"href":"https:\/\/altea-energy.com\/fr\/wp-json\/wp\/v2\/pages\/9639"}],"wp:attachment":[{"href":"https:\/\/altea-energy.com\/fr\/wp-json\/wp\/v2\/media?parent=13671"}],"curies":[{"name":"wp","href":"https:\/\/api.w.org\/{rel}","templated":true}]}}