{"id":13128,"date":"2022-06-29T12:17:18","date_gmt":"2022-06-29T10:17:18","guid":{"rendered":"https:\/\/altea-energy.com\/?page_id=13128"},"modified":"2024-03-18T02:43:31","modified_gmt":"2024-03-18T01:43:31","slug":"nos-services-consultants","status":"publish","type":"page","link":"https:\/\/altea-energy.com\/fr\/rechercher-un-job\/nos-services-consultants\/","title":{"rendered":"Services consultants"},"content":{"rendered":"","protected":false},"excerpt":{"rendered":"","protected":false},"author":7,"featured_media":0,"parent":9647,"menu_order":2,"comment_status":"closed","ping_status":"closed","template":"","meta":{"_acf_changed":false,"footnotes":""},"class_list":["post-13128","page","type-page","status-publish","hentry"],"acf":[],"yoast_head":"<!-- This site is optimized with the Yoast SEO plugin v27.4 - https:\/\/yoast.com\/product\/yoast-seo-wordpress\/ -->\n<title>Services premium pour les consultants en \u00e9nergie - Altea Energy<\/title>\n<meta name=\"description\" content=\"Nous nous engageons \u00e0 offrir \u00e0 nos consultants la meilleure exp\u00e9rience possible. Nous les accompagnons tout au long de leur mission: Int\u00e9gration, Immigration, Mobilisation, Assurance et Paie.\" \/>\n<meta name=\"robots\" content=\"index, follow, max-snippet:-1, max-image-preview:large, max-video-preview:-1\" \/>\n<link rel=\"canonical\" href=\"https:\/\/altea-energy.com\/fr\/rechercher-un-job\/nos-services-consultants\/\" \/>\n<meta property=\"og:locale\" content=\"fr_FR\" \/>\n<meta property=\"og:type\" content=\"article\" \/>\n<meta property=\"og:title\" content=\"Services premium pour les consultants en \u00e9nergie - Altea Energy\" \/>\n<meta property=\"og:description\" content=\"Nous nous engageons \u00e0 offrir \u00e0 nos consultants la meilleure exp\u00e9rience possible. Nous les accompagnons tout au long de leur mission: Int\u00e9gration, Immigration, Mobilisation, Assurance et Paie.\" \/>\n<meta property=\"og:url\" content=\"https:\/\/altea-energy.com\/fr\/rechercher-un-job\/nos-services-consultants\/\" \/>\n<meta property=\"og:site_name\" content=\"Altea Energy\" \/>\n<meta property=\"article:modified_time\" content=\"2024-03-18T01:43:31+00:00\" \/>\n<meta name=\"twitter:card\" content=\"summary_large_image\" \/>\n<script type=\"application\/ld+json\" class=\"yoast-schema-graph\">{\"@context\":\"https:\\\/\\\/schema.org\",\"@graph\":[{\"@type\":\"WebPage\",\"@id\":\"https:\\\/\\\/altea-energy.com\\\/fr\\\/rechercher-un-job\\\/nos-services-consultants\\\/\",\"url\":\"https:\\\/\\\/altea-energy.com\\\/fr\\\/rechercher-un-job\\\/nos-services-consultants\\\/\",\"name\":\"Services premium pour les consultants en \u00e9nergie - Altea Energy\",\"isPartOf\":{\"@id\":\"https:\\\/\\\/altea-energy.com\\\/#website\"},\"datePublished\":\"2022-06-29T10:17:18+00:00\",\"dateModified\":\"2024-03-18T01:43:31+00:00\",\"description\":\"Nous nous engageons \u00e0 offrir \u00e0 nos consultants la meilleure exp\u00e9rience possible. Nous les accompagnons tout au long de leur mission: Int\u00e9gration, Immigration, Mobilisation, Assurance et Paie.\",\"breadcrumb\":{\"@id\":\"https:\\\/\\\/altea-energy.com\\\/fr\\\/rechercher-un-job\\\/nos-services-consultants\\\/#breadcrumb\"},\"inLanguage\":\"fr-FR\",\"potentialAction\":[{\"@type\":\"ReadAction\",\"target\":[\"https:\\\/\\\/altea-energy.com\\\/fr\\\/rechercher-un-job\\\/nos-services-consultants\\\/\"]}]},{\"@type\":\"BreadcrumbList\",\"@id\":\"https:\\\/\\\/altea-energy.com\\\/fr\\\/rechercher-un-job\\\/nos-services-consultants\\\/#breadcrumb\",\"itemListElement\":[{\"@type\":\"ListItem\",\"position\":1,\"name\":\"Accueil\",\"item\":\"https:\\\/\\\/altea-energy.com\\\/fr\\\/\"},{\"@type\":\"ListItem\",\"position\":2,\"name\":\"Rechercher un job\",\"item\":\"https:\\\/\\\/altea-energy.com\\\/fr\\\/rechercher-un-job\\\/\"},{\"@type\":\"ListItem\",\"position\":3,\"name\":\"Services consultants\"}]},{\"@type\":\"WebSite\",\"@id\":\"https:\\\/\\\/altea-energy.com\\\/#website\",\"url\":\"https:\\\/\\\/altea-energy.com\\\/\",\"name\":\"Altea Energy\",\"description\":\"\",\"publisher\":{\"@id\":\"https:\\\/\\\/altea-energy.com\\\/#organization\"},\"potentialAction\":[{\"@type\":\"SearchAction\",\"target\":{\"@type\":\"EntryPoint\",\"urlTemplate\":\"https:\\\/\\\/altea-energy.com\\\/?s={search_term_string}\"},\"query-input\":{\"@type\":\"PropertyValueSpecification\",\"valueRequired\":true,\"valueName\":\"search_term_string\"}}],\"inLanguage\":\"fr-FR\"},{\"@type\":\"Organization\",\"@id\":\"https:\\\/\\\/altea-energy.com\\\/#organization\",\"name\":\"Altea Energy\",\"url\":\"https:\\\/\\\/altea-energy.com\\\/\",\"logo\":{\"@type\":\"ImageObject\",\"inLanguage\":\"fr-FR\",\"@id\":\"https:\\\/\\\/altea-energy.com\\\/#\\\/schema\\\/logo\\\/image\\\/\",\"url\":\"https:\\\/\\\/altea-energy.com\\\/wp-content\\\/uploads\\\/logo-altea.svg\",\"contentUrl\":\"https:\\\/\\\/altea-energy.com\\\/wp-content\\\/uploads\\\/logo-altea.svg\",\"width\":1,\"height\":1,\"caption\":\"Altea Energy\"},\"image\":{\"@id\":\"https:\\\/\\\/altea-energy.com\\\/#\\\/schema\\\/logo\\\/image\\\/\"},\"sameAs\":[\"https:\\\/\\\/www.linkedin.com\\\/company\\\/altea-resources\\\/\"]}]}<\/script>\n<!-- \/ Yoast SEO plugin. -->","yoast_head_json":{"title":"Services premium pour les consultants en \u00e9nergie - Altea Energy","description":"Nous nous engageons \u00e0 offrir \u00e0 nos consultants la meilleure exp\u00e9rience possible. Nous les accompagnons tout au long de leur mission: Int\u00e9gration, Immigration, Mobilisation, Assurance et Paie.","robots":{"index":"index","follow":"follow","max-snippet":"max-snippet:-1","max-image-preview":"max-image-preview:large","max-video-preview":"max-video-preview:-1"},"canonical":"https:\/\/altea-energy.com\/fr\/rechercher-un-job\/nos-services-consultants\/","og_locale":"fr_FR","og_type":"article","og_title":"Services premium pour les consultants en \u00e9nergie - Altea Energy","og_description":"Nous nous engageons \u00e0 offrir \u00e0 nos consultants la meilleure exp\u00e9rience possible. Nous les accompagnons tout au long de leur mission: Int\u00e9gration, Immigration, Mobilisation, Assurance et Paie.","og_url":"https:\/\/altea-energy.com\/fr\/rechercher-un-job\/nos-services-consultants\/","og_site_name":"Altea Energy","article_modified_time":"2024-03-18T01:43:31+00:00","twitter_card":"summary_large_image","schema":{"@context":"https:\/\/schema.org","@graph":[{"@type":"WebPage","@id":"https:\/\/altea-energy.com\/fr\/rechercher-un-job\/nos-services-consultants\/","url":"https:\/\/altea-energy.com\/fr\/rechercher-un-job\/nos-services-consultants\/","name":"Services premium pour les consultants en \u00e9nergie - Altea Energy","isPartOf":{"@id":"https:\/\/altea-energy.com\/#website"},"datePublished":"2022-06-29T10:17:18+00:00","dateModified":"2024-03-18T01:43:31+00:00","description":"Nous nous engageons \u00e0 offrir \u00e0 nos consultants la meilleure exp\u00e9rience possible. Nous les accompagnons tout au long de leur mission: Int\u00e9gration, Immigration, Mobilisation, Assurance et Paie.","breadcrumb":{"@id":"https:\/\/altea-energy.com\/fr\/rechercher-un-job\/nos-services-consultants\/#breadcrumb"},"inLanguage":"fr-FR","potentialAction":[{"@type":"ReadAction","target":["https:\/\/altea-energy.com\/fr\/rechercher-un-job\/nos-services-consultants\/"]}]},{"@type":"BreadcrumbList","@id":"https:\/\/altea-energy.com\/fr\/rechercher-un-job\/nos-services-consultants\/#breadcrumb","itemListElement":[{"@type":"ListItem","position":1,"name":"Accueil","item":"https:\/\/altea-energy.com\/fr\/"},{"@type":"ListItem","position":2,"name":"Rechercher un job","item":"https:\/\/altea-energy.com\/fr\/rechercher-un-job\/"},{"@type":"ListItem","position":3,"name":"Services consultants"}]},{"@type":"WebSite","@id":"https:\/\/altea-energy.com\/#website","url":"https:\/\/altea-energy.com\/","name":"Altea Energy","description":"","publisher":{"@id":"https:\/\/altea-energy.com\/#organization"},"potentialAction":[{"@type":"SearchAction","target":{"@type":"EntryPoint","urlTemplate":"https:\/\/altea-energy.com\/?s={search_term_string}"},"query-input":{"@type":"PropertyValueSpecification","valueRequired":true,"valueName":"search_term_string"}}],"inLanguage":"fr-FR"},{"@type":"Organization","@id":"https:\/\/altea-energy.com\/#organization","name":"Altea Energy","url":"https:\/\/altea-energy.com\/","logo":{"@type":"ImageObject","inLanguage":"fr-FR","@id":"https:\/\/altea-energy.com\/#\/schema\/logo\/image\/","url":"https:\/\/altea-energy.com\/wp-content\/uploads\/logo-altea.svg","contentUrl":"https:\/\/altea-energy.com\/wp-content\/uploads\/logo-altea.svg","width":1,"height":1,"caption":"Altea Energy"},"image":{"@id":"https:\/\/altea-energy.com\/#\/schema\/logo\/image\/"},"sameAs":["https:\/\/www.linkedin.com\/company\/altea-resources\/"]}]}},"_links":{"self":[{"href":"https:\/\/altea-energy.com\/fr\/wp-json\/wp\/v2\/pages\/13128","targetHints":{"allow":["GET"]}}],"collection":[{"href":"https:\/\/altea-energy.com\/fr\/wp-json\/wp\/v2\/pages"}],"about":[{"href":"https:\/\/altea-energy.com\/fr\/wp-json\/wp\/v2\/types\/page"}],"author":[{"embeddable":true,"href":"https:\/\/altea-energy.com\/fr\/wp-json\/wp\/v2\/users\/7"}],"replies":[{"embeddable":true,"href":"https:\/\/altea-energy.com\/fr\/wp-json\/wp\/v2\/comments?post=13128"}],"version-history":[{"count":0,"href":"https:\/\/altea-energy.com\/fr\/wp-json\/wp\/v2\/pages\/13128\/revisions"}],"up":[{"embeddable":true,"href":"https:\/\/altea-energy.com\/fr\/wp-json\/wp\/v2\/pages\/9647"}],"wp:attachment":[{"href":"https:\/\/altea-energy.com\/fr\/wp-json\/wp\/v2\/media?parent=13128"}],"curies":[{"name":"wp","href":"https:\/\/api.w.org\/{rel}","templated":true}]}}